{"id":2288,"date":"2025-01-29T08:50:21","date_gmt":"2025-01-29T08:50:21","guid":{"rendered":"https:\/\/www.camping-la-prairie.fr\/campsite-frejus-saint-raphael\/"},"modified":"2025-04-02T08:55:41","modified_gmt":"2025-04-02T08:55:41","slug":"campsite-frejus-saint-raphael","status":"publish","type":"page","link":"https:\/\/www.camping-la-prairie.fr\/en\/tourism-var\/campsite-frejus-saint-raphael\/","title":{"rendered":"Fr\u00e9jus \/ Saint-Rapha\u00ebl"},"content":{"rendered":"\n<section class=\"wp-block-group page-first traits-bas is-layout-flow wp-block-group-is-layout-flow\" style=\"padding-top:7rem;padding-bottom:7rem\">\n<div class=\"wp-block-columns are-vertically-aligned-center is-layout-flex wp-container-core-columns-is-layout-86160fd2 wp-block-columns-is-layout-flex\" style=\"padding-right:7rem;padding-left:7rem\">\n<div class=\"wp-block-column is-vertically-aligned-center first is-layout-flow wp-block-column-is-layout-flow\" style=\"flex-basis:40%\">\n<figure class=\"wp-block-image size-full\"><img decoding=\"async\" width=\"682\" height=\"591\" src=\"https:\/\/www.camping-la-prairie.fr\/wp-content\/uploads\/2025\/03\/visiter-saint-raphael-dans-le-var.jpg\" alt=\"visit saint raphael in the var\" class=\"wp-image-1456\" srcset=\"https:\/\/www.camping-la-prairie.fr\/wp-content\/uploads\/2025\/03\/visiter-saint-raphael-dans-le-var.jpg 682w, https:\/\/www.camping-la-prairie.fr\/wp-content\/uploads\/2025\/03\/visiter-saint-raphael-dans-le-var-300x260.jpg 300w\" sizes=\"(max-width: 682px) 100vw, 682px\" \/><figcaption class=\"wp-element-caption\">Saint-Raphael<\/figcaption><\/figure>\n<\/div>\n\n\n\n<div class=\"wp-block-column is-vertically-aligned-center second is-layout-flow wp-block-column-is-layout-flow\" style=\"flex-basis:60%\"><h1 class=\"wp-block-heading has-accent-color has-text-color has-link-color wp-elements-be83a60763a2f3f4e2863c7e074a0156\" id=\"frejus-saint-raphael-a-must-see-just-a-stones-throw-from-the-campsite\"><strong>Fr\u00e9jus-Saint-Rapha\u00ebl:<\/strong> a must-see just a stone&#8217;s throw from the campsite<\/h1>\n\n\n<div style=\"height:2rem\" aria-hidden=\"true\" class=\"wp-block-spacer gt-hide-mobile\"><\/div>\n\n\n\n<p>Fr\u00e9jus and Saint-Rapha\u00ebl, just <strong>20 minutes from the campsite<\/strong>, two magnificent towns in the Var department, are ideal destinations for those looking to combine <strong>nature<\/strong>, <strong>idleness<\/strong> and <strong>cultural activities<\/strong>.  <\/p>\n<\/div>\n<\/div>\n<\/section>\n\n<section class=\"wp-block-group page-second is-layout-flow wp-block-group-is-layout-flow\" style=\"padding-top:7rem;padding-bottom:4rem\">\n<div class=\"wp-block-columns are-vertically-aligned-center is-layout-flex wp-container-core-columns-is-layout-39c19385 wp-block-columns-is-layout-flex\" style=\"padding-right:7rem;padding-left:7rem\">\n<div class=\"wp-block-column is-vertically-aligned-center first is-layout-flow wp-block-column-is-layout-flow\"><h2 class=\"wp-block-heading\" id=\"stroll-and-laze-on-the-beaches-of-frejus\">Stroll and laze on<strong> the beaches of Fr\u00e9jus<\/strong><\/h2>\n\n\n<div style=\"height:2rem\" aria-hidden=\"true\" class=\"wp-block-spacer gt-hide-mobile\"><\/div>\n\n\n\n<p>A renowned <strong>seaside resort <\/strong>in the Var, Fr\u00e9jus has reintroduced the <strong>sea to the heart of the town<\/strong>, with the Port &#8211; Fr\u00e9jus district featuring quays and squares opening onto the port and the Mediterranean. The town is famous for its <strong>sandy beaches <\/strong>, which stretch for 8 kilometers and include <strong>one of the largest wild beaches in the Var<\/strong>, backed by a string of dunes. <\/p>\n\n\n\n<p>Another Fr\u00e9jus district, <strong>Saint-Aygulf <\/strong>is bathed in the <strong>scent of eucalyptus and mimosa<\/strong>. This small seaside resort is appreciated for its<strong> marina <\/strong>and charming coves with small beaches, inviting you to swim in the enchanting Mediterranean Sea. <\/p>\n\n\n\n<p>Less than 30 minutes from Fr\u00e9jus, you&#8217;ll also find the <strong>Dramont beach<\/strong>, renowned for its <strong>crystal-clear waters<\/strong>. Perfect for a day of <strong>total relaxation under the Mediterranean sun<\/strong>. <\/p>\n<\/div>\n\n\n\n<div class=\"wp-block-column is-vertically-aligned-center second is-layout-flow wp-block-column-is-layout-flow\">\n<figure class=\"wp-block-image size-full\"><img decoding=\"async\" width=\"901\" height=\"780\" src=\"https:\/\/www.camping-la-prairie.fr\/wp-content\/uploads\/2025\/03\/plage-de-frejus.jpg\" alt=\"frejus beach\" class=\"wp-image-1459\" srcset=\"https:\/\/www.camping-la-prairie.fr\/wp-content\/uploads\/2025\/03\/plage-de-frejus.jpg 901w, https:\/\/www.camping-la-prairie.fr\/wp-content\/uploads\/2025\/03\/plage-de-frejus-300x260.jpg 300w, https:\/\/www.camping-la-prairie.fr\/wp-content\/uploads\/2025\/03\/plage-de-frejus-768x665.jpg 768w\" sizes=\"(max-width: 901px) 100vw, 901px\" \/><figcaption class=\"wp-element-caption\">Fr\u00e9jus Beach<\/figcaption><\/figure>\n<\/div>\n<\/div>\n<\/section>\n\n<section class=\"wp-block-group page-third is-layout-flow wp-block-group-is-layout-flow\" style=\"padding-top:4vw;padding-bottom:4vw\"><h2 class=\"wp-block-heading has-text-align-center\" id=\"sightseeing-in-frejus-saint-raphael\"><strong>Sightseeing<\/strong> <br>in Fr\u00e9jus-Saint-Rapha\u00ebl<\/h2>\n\n\n<div style=\"height:2rem\" aria-hidden=\"true\" class=\"wp-block-spacer gt-hide-mobile\"><\/div>\n\n\n\n<div class=\"wp-block-group has-global-padding is-layout-constrained wp-container-core-group-is-layout-4383d167 wp-block-group-is-layout-constrained\">\n<p class=\"has-text-align-center\">The town of <strong>Fr\u00e9jus is rich in history<\/strong>. Take a stroll through its streets and you&#8217;ll discover impressive monuments such as the <a href=\"https:\/\/www.ville-frejus.fr\/archeologie-et-patrimoine\/musees-et-monuments\/amphitheatre\/\" target=\"_blank\" rel=\"noreferrer noopener nofollow\">Roman amphitheater<\/a>, the <strong>Saint-L\u00e9once cathedral<\/strong> and numerous relics from Roman times. <\/p>\n\n\n\n<p><strong>Saint-Rapha\u00ebl<\/strong> also boasts <strong>architectural gems<\/strong> such as the <strong>Notre-Dame-de-la-Victoire basilica<\/strong> and the <a href=\"https:\/\/www.ville-saintraphael.fr\/cultivee\/musees\/musee-archeologique\" target=\"_blank\" rel=\"noreferrer noopener nofollow\">archaeological museum in the old town<\/a>. These visits are the perfect way to enrich your stay culturally. <\/p>\n\n\n\n<p class=\"has-text-align-center\">Take time to discover the <strong>Est\u00e9rel massif<\/strong>, another of the region&#8217;s must-sees. This volcanic massif offers <strong>breathtaking scenery<\/strong> and a multitude of <strong>hiking trails<\/strong> that vary in difficulty. Whether you&#8217;re a seasoned hiker or prefer a leisurely stroll, l&#8217;Est\u00e9rel will seduce you with its<strong> wild and colorful beauty<\/strong>, especially at sunrise or sunset.  <\/p>\n<\/div>\n\n\n\n<div class=\"wp-block-columns galerie is-layout-flex wp-container-core-columns-is-layout-28f84493 wp-block-columns-is-layout-flex\">\n<div class=\"wp-block-column has-cta is-layout-flow wp-block-column-is-layout-flow\">\n<figure class=\"wp-block-image size-full custom-srcset\"><img decoding=\"async\" width=\"2000\" height=\"1333\" src=\"https:\/\/www.camping-la-prairie.fr\/wp-content\/uploads\/2025\/03\/tourisme-basilique-notre-dame-de-la-victoire-saint-raphael.jpg\" alt=\"tourism basilica notre dame de la victoire saint raphael\" class=\"wp-image-1485\" srcset=\"https:\/\/www.camping-la-prairie.fr\/wp-content\/uploads\/2025\/03\/tourisme-basilique-notre-dame-de-la-victoire-saint-raphael.jpg 2000w, https:\/\/www.camping-la-prairie.fr\/wp-content\/uploads\/2025\/03\/tourisme-basilique-notre-dame-de-la-victoire-saint-raphael-300x200.jpg 300w, https:\/\/www.camping-la-prairie.fr\/wp-content\/uploads\/2025\/03\/tourisme-basilique-notre-dame-de-la-victoire-saint-raphael-1024x682.jpg 1024w, https:\/\/www.camping-la-prairie.fr\/wp-content\/uploads\/2025\/03\/tourisme-basilique-notre-dame-de-la-victoire-saint-raphael-768x512.jpg 768w, https:\/\/www.camping-la-prairie.fr\/wp-content\/uploads\/2025\/03\/tourisme-basilique-notre-dame-de-la-victoire-saint-raphael-1536x1024.jpg 1536w\" sizes=\"(max-width: 2000px) 100vw, 2000px\" \/><\/figure>\n<\/div>\n\n\n\n<div class=\"wp-block-column has-cta is-layout-flow wp-block-column-is-layout-flow\">\n<figure class=\"wp-block-image size-full custom-srcset\"><img decoding=\"async\" width=\"2000\" height=\"1333\" src=\"https:\/\/www.camping-la-prairie.fr\/wp-content\/uploads\/2025\/03\/cathedrale-sainte-leonce-cote-azur.jpg\" alt=\"cathedrale sainte leonce cote azur\" class=\"wp-image-1479\" srcset=\"https:\/\/www.camping-la-prairie.fr\/wp-content\/uploads\/2025\/03\/cathedrale-sainte-leonce-cote-azur.jpg 2000w, https:\/\/www.camping-la-prairie.fr\/wp-content\/uploads\/2025\/03\/cathedrale-sainte-leonce-cote-azur-300x200.jpg 300w, https:\/\/www.camping-la-prairie.fr\/wp-content\/uploads\/2025\/03\/cathedrale-sainte-leonce-cote-azur-1024x682.jpg 1024w, https:\/\/www.camping-la-prairie.fr\/wp-content\/uploads\/2025\/03\/cathedrale-sainte-leonce-cote-azur-768x512.jpg 768w, https:\/\/www.camping-la-prairie.fr\/wp-content\/uploads\/2025\/03\/cathedrale-sainte-leonce-cote-azur-1536x1024.jpg 1536w\" sizes=\"(max-width: 2000px) 100vw, 2000px\" \/><\/figure>\n<\/div>\n\n\n\n<div class=\"wp-block-column has-cta is-layout-flow wp-block-column-is-layout-flow\">\n<figure class=\"wp-block-image size-full custom-srcset\"><img decoding=\"async\" width=\"2000\" height=\"1333\" src=\"https:\/\/www.camping-la-prairie.fr\/wp-content\/uploads\/2025\/03\/visiter-le-massif-esterel-var.jpg\" alt=\"visit the esterel var massif\" class=\"wp-image-1482\" style=\"object-fit:cover\" srcset=\"https:\/\/www.camping-la-prairie.fr\/wp-content\/uploads\/2025\/03\/visiter-le-massif-esterel-var.jpg 2000w, https:\/\/www.camping-la-prairie.fr\/wp-content\/uploads\/2025\/03\/visiter-le-massif-esterel-var-300x200.jpg 300w, https:\/\/www.camping-la-prairie.fr\/wp-content\/uploads\/2025\/03\/visiter-le-massif-esterel-var-1024x682.jpg 1024w, https:\/\/www.camping-la-prairie.fr\/wp-content\/uploads\/2025\/03\/visiter-le-massif-esterel-var-768x512.jpg 768w, https:\/\/www.camping-la-prairie.fr\/wp-content\/uploads\/2025\/03\/visiter-le-massif-esterel-var-1536x1024.jpg 1536w\" sizes=\"(max-width: 2000px) 100vw, 2000px\" \/><\/figure>\n<\/div>\n<\/div>\n<\/section>\n\n<section class=\"wp-block-group page-fourth traits-haut is-layout-flow wp-block-group-is-layout-flow\" style=\"padding-top:7rem;padding-bottom:4rem\">\n<div class=\"wp-block-columns are-vertically-aligned-center is-layout-flex wp-container-core-columns-is-layout-64c91fef wp-block-columns-is-layout-flex\" style=\"padding-right:4rem;padding-left:4rem\">\n<div class=\"wp-block-column is-vertically-aligned-center first is-layout-flow wp-block-column-is-layout-flow\">\n<figure class=\"wp-block-image size-full\"><img decoding=\"async\" width=\"901\" height=\"780\" src=\"https:\/\/www.camping-la-prairie.fr\/wp-content\/uploads\/2025\/03\/faire-du-velo-en-famille-dans-le-var.jpg\" alt=\"family cycling in the var\" class=\"wp-image-1488\" srcset=\"https:\/\/www.camping-la-prairie.fr\/wp-content\/uploads\/2025\/03\/faire-du-velo-en-famille-dans-le-var.jpg 901w, https:\/\/www.camping-la-prairie.fr\/wp-content\/uploads\/2025\/03\/faire-du-velo-en-famille-dans-le-var-300x260.jpg 300w, https:\/\/www.camping-la-prairie.fr\/wp-content\/uploads\/2025\/03\/faire-du-velo-en-famille-dans-le-var-768x665.jpg 768w\" sizes=\"(max-width: 901px) 100vw, 901px\" \/><\/figure>\n<\/div>\n\n\n\n<div class=\"wp-block-column is-vertically-aligned-center second is-layout-flow wp-block-column-is-layout-flow\"><h2 class=\"wp-block-heading\" id=\"activities-to-enjoy\"><strong>Activities<\/strong> <br>to enjoy<\/h2>\n\n\n<p>In addition to the pleasures of the sea, the region also offers <strong>numerous land-based activities<\/strong> such as <strong>cycling<\/strong>,<strong>horse-riding<\/strong> and even <strong>golf courses<\/strong>. <strong>Rock-climbing<\/strong> enthusiasts will discover <strong>climbing spots<\/strong> that are particularly popular with locals and visitors alike.   <\/p>\n\n\n\n<p>And why not try out the <strong>adventure course<\/strong> specially designed for <strong>children<\/strong> at the <a href=\"https:\/\/frejus.fr\/activite\/parc-julii-2\/\" target=\"_blank\" rel=\"noreferrer noopener nofollow\">Julii Aventures park in Fr\u00e9jus<\/a>? Or the <a href=\"https:\/\/www.oxygeneevasion.fr\/\" target=\"_blank\" rel=\"noreferrer noopener nofollow\">Aventure Oxyg\u00e8ne \u00c9vasion leisure park<\/a>, just 10 km from Saint-Rapha\u00ebl, ideal for a<strong> family day <\/strong>out, with over 125 tree games, a giant trampoline, a labyrinth&#8230; not forgetting the relaxation area with snack bar for the lunch break! <\/p>\n<\/div>\n<\/div>\n<\/section>\n\n<section class=\"wp-block-group page-fifth is-layout-flow wp-block-group-is-layout-flow\" style=\"padding-top:4rem;padding-bottom:4rem\"><h2 class=\"wp-block-heading has-text-align-center\" id=\"campsite-20-min-from-frejus-saint-raphael\"><strong>Campsite 20 min<\/strong> <br>from Fr\u00e9jus-Saint-Rapha\u00ebl<\/h2>\n\n\n<div style=\"height:2rem\" aria-hidden=\"true\" class=\"wp-block-spacer gt-hide-mobile\"><\/div>\n\n\n\n<div class=\"wp-block-group has-global-padding is-layout-constrained wp-container-core-group-is-layout-4383d167 wp-block-group-is-layout-constrained\">\n<p class=\"has-text-align-center\">One of the major advantages of choosing our <a href=\"https:\/\/www.camping-la-prairie.fr\/en\/\" data-type=\"page\" data-id=\"5\">La Prairie campsite in Le Muy<\/a> is its <strong>proximity to Fr\u00e9jus-Saint-Rapha\u00ebl<\/strong>. Just a <strong>twenty-minute drive<\/strong> from the main attractions, the campsite offers the <strong>perfect compromise<\/strong> between tranquillity and easy access to all the highlights of this famous C\u00f4te d&#8217;Azur seaside resort. <\/p>\n\n\n\n<p class=\"has-text-align-center\">A chance to return to a haven of peace after a busy day!<\/p>\n<\/div>\n\n\n\n<div class=\"wp-block-cover is-light gt-cover-parallax-up\" style=\"min-height:70vh;aspect-ratio:unset;\"><span aria-hidden=\"true\" class=\"wp-block-cover__background has-background-dim-0 has-background-dim\"><\/span><img decoding=\"async\" width=\"2000\" height=\"648\" class=\"wp-block-cover__image-background wp-image-1493\" alt=\"reserver des vacances a frejus\" src=\"https:\/\/www.camping-la-prairie.fr\/wp-content\/uploads\/2025\/03\/reserver-des-vacances-a-frejus.jpg\" data-object-fit=\"cover\" srcset=\"https:\/\/www.camping-la-prairie.fr\/wp-content\/uploads\/2025\/03\/reserver-des-vacances-a-frejus.jpg 2000w, https:\/\/www.camping-la-prairie.fr\/wp-content\/uploads\/2025\/03\/reserver-des-vacances-a-frejus-300x97.jpg 300w, https:\/\/www.camping-la-prairie.fr\/wp-content\/uploads\/2025\/03\/reserver-des-vacances-a-frejus-1024x332.jpg 1024w, https:\/\/www.camping-la-prairie.fr\/wp-content\/uploads\/2025\/03\/reserver-des-vacances-a-frejus-768x249.jpg 768w, https:\/\/www.camping-la-prairie.fr\/wp-content\/uploads\/2025\/03\/reserver-des-vacances-a-frejus-1536x498.jpg 1536w\" sizes=\"(max-width: 2000px) 100vw, 2000px\" \/><div class=\"wp-block-cover__inner-container is-layout-flow wp-block-cover-is-layout-flow\">\n<p class=\"has-text-align-center has-large-font-size\"><\/p>\n<\/div><\/div>\n<\/section>\n\n<section class=\"wp-block-group page-maillage is-layout-flow wp-block-group-is-layout-flow\" style=\"padding-top:4rem;padding-right:4rem;padding-bottom:7rem;padding-left:4rem\">\n<p class=\"has-text-align-center has-accent-2-color has-text-color has-link-color wp-elements-3c7c6f9f1b0346bca2243d2b586db342\" style=\"font-size:clamp(1.551rem, 1.551rem + ((1vw - 0.2rem) * 1.748), 2.6rem);line-height:1.4;text-transform:uppercase\"><strong>Discover<\/strong> <br\/>Les gorges du verdon, saint-tropez and sainte-maxime<\/p>\n\n\n\n<div style=\"height:2rem\" aria-hidden=\"true\" class=\"wp-block-spacer gt-hide-mobile\"><\/div>\n\n\n\n<div data-wp-context=\"{}\" data-wp-interactive=\"core\/query\" data-wp-key=\"0\" data-wp-router-region=\"query-0\" class=\"wp-block-query alignwide gt-fse-maillage-query is-layout-flow wp-block-query-is-layout-flow\"><ul class=\"columns-3 gt-fse-cta wp-block-post-template is-layout-grid wp-container-core-post-template-is-layout-6d3fbd8f wp-block-post-template-is-layout-grid\"><li data-wp-key=\"post-template-item-2298\" class=\"wp-block-post post-2298 page type-page status-publish has-post-thumbnail hentry\">\n\n<div class=\"wp-block-group has-cta is-layout-flow wp-block-group-is-layout-flow\">\n<figure class=\"wp-block-image gt-fse-cta__image custom-srcset page\"><img decoding=\"async\" src=\"https:\/\/www.camping-la-prairie.fr\/wp-content\/uploads\/2025\/03\/gorges-du-verdon.jpg\" alt=\"gorges du verdon\"\/><\/figure>\n\n\n\n<p class=\"gt-fse-cta__title has-accent-5-color has-text-color has-link-color wp-elements-9e46dfb13e9204ef3273f9df79e72862\" style=\"font-size:clamp(1.135rem, 1.135rem + ((1vw - 0.2rem) * 1.075), 1.78rem);font-style:normal;font-weight:700;text-transform:uppercase\">Gorges du Verdon<\/p>\n\n\n<a class=\"is-style-lien-cover wp-block-read-more\" href=\"https:\/\/www.camping-la-prairie.fr\/en\/tourism-var\/tourism-gorges-du-verdon\/\" target=\"_self\">Read more<span class=\"screen-reader-text\">: Gorges du Verdon<\/span><\/a><\/div>\n\n<\/li><li data-wp-key=\"post-template-item-2292\" class=\"wp-block-post post-2292 page type-page status-publish has-post-thumbnail hentry\">\n\n<div class=\"wp-block-group has-cta is-layout-flow wp-block-group-is-layout-flow\">\n<figure class=\"wp-block-image gt-fse-cta__image custom-srcset page\"><img decoding=\"async\" src=\"https:\/\/www.camping-la-prairie.fr\/wp-content\/uploads\/2025\/03\/location-de-vamping-a-saint-tropez.jpg\" alt=\"Saint-Tropez\"\/><\/figure>\n\n\n\n<p class=\"gt-fse-cta__title has-accent-5-color has-text-color has-link-color wp-elements-9e46dfb13e9204ef3273f9df79e72862\" style=\"font-size:clamp(1.135rem, 1.135rem + ((1vw - 0.2rem) * 1.075), 1.78rem);font-style:normal;font-weight:700;text-transform:uppercase\">Saint-Tropez<\/p>\n\n\n<a class=\"is-style-lien-cover wp-block-read-more\" href=\"https:\/\/www.camping-la-prairie.fr\/en\/tourism-var\/campsite-saint-tropez\/\" target=\"_self\">Read more<span class=\"screen-reader-text\">: Saint-Tropez<\/span><\/a><\/div>\n\n<\/li><li data-wp-key=\"post-template-item-2296\" class=\"wp-block-post post-2296 page type-page status-publish has-post-thumbnail hentry\">\n\n<div class=\"wp-block-group has-cta is-layout-flow wp-block-group-is-layout-flow\">\n<figure class=\"wp-block-image gt-fse-cta__image custom-srcset page\"><img decoding=\"async\" src=\"https:\/\/www.camping-la-prairie.fr\/wp-content\/uploads\/2025\/03\/vacances-a-sainte-maxime-en-provence.jpg\" alt=\"Sainte-Maxime\"\/><\/figure>\n\n\n\n<p class=\"gt-fse-cta__title has-accent-5-color has-text-color has-link-color wp-elements-9e46dfb13e9204ef3273f9df79e72862\" style=\"font-size:clamp(1.135rem, 1.135rem + ((1vw - 0.2rem) * 1.075), 1.78rem);font-style:normal;font-weight:700;text-transform:uppercase\">Sainte-Maxime<\/p>\n\n\n<a class=\"is-style-lien-cover wp-block-read-more\" href=\"https:\/\/www.camping-la-prairie.fr\/en\/tourism-var\/tourism-sainte-maxime\/\" target=\"_self\">Read more<span class=\"screen-reader-text\">: Sainte-Maxime<\/span><\/a><\/div>\n\n<\/li><\/ul><\/div>\n<\/section>\n","protected":false},"excerpt":{"rendered":"<p>Fr\u00e9jus-Saint-Rapha\u00ebl: a must-see just a stone&#8217;s throw from the campsite Fr\u00e9jus and Saint-Rapha\u00ebl, just 20 minutes from the campsite, two magnificent towns in the Var department, are ideal destinations for those looking to combine nature, idleness and cultural activities. Stroll and laze on the beaches of Fr\u00e9jus A renowned seaside resort in the Var, Fr\u00e9jus [&hellip;]<\/p>\n","protected":false},"author":1,"featured_media":1498,"parent":2290,"menu_order":0,"comment_status":"closed","ping_status":"closed","template":"","meta":{"_seopress_robots_primary_cat":"","_seopress_titles_title":"Campsite near Fr\u00e9jus-Saint-Rapha\u00ebl","_seopress_titles_desc":"Campsite 20 minutes from Fr\u00e9jus-Saint-Rapha\u00ebl to enjoy the Var, from beaches to visits, from outdoor activities to discovering l'Est\u00e9rel.","_seopress_robots_index":"","_gt_ctv_global_id":"","_gt_ctv_id_group":false,"inline_featured_image":false,"gt_fse_maillage_image":"https:\/\/www.camping-la-prairie.fr\/wp-content\/uploads\/2025\/03\/vacances-en-camping-pas-cheres-a-frejus.jpg","gt_fse_maillage_titre":"Fr\u00e9jus \/ Saint-Rapha\u00ebl","gt_fse_maillage_alt":"Fr\u00e9jus \/ Saint-Rapha\u00ebl","gt_fse_maillage_resume":"","footnotes":""},"categories":[],"tags":[],"class_list":["post-2288","page","type-page","status-publish","has-post-thumbnail","hentry"],"_links":{"self":[{"href":"https:\/\/www.camping-la-prairie.fr\/en\/wp-json\/wp\/v2\/pages\/2288","targetHints":{"allow":["GET"]}}],"collection":[{"href":"https:\/\/www.camping-la-prairie.fr\/en\/wp-json\/wp\/v2\/pages"}],"about":[{"href":"https:\/\/www.camping-la-prairie.fr\/en\/wp-json\/wp\/v2\/types\/page"}],"author":[{"embeddable":true,"href":"https:\/\/www.camping-la-prairie.fr\/en\/wp-json\/wp\/v2\/users\/1"}],"replies":[{"embeddable":true,"href":"https:\/\/www.camping-la-prairie.fr\/en\/wp-json\/wp\/v2\/comments?post=2288"}],"version-history":[{"count":2,"href":"https:\/\/www.camping-la-prairie.fr\/en\/wp-json\/wp\/v2\/pages\/2288\/revisions"}],"predecessor-version":[{"id":2339,"href":"https:\/\/www.camping-la-prairie.fr\/en\/wp-json\/wp\/v2\/pages\/2288\/revisions\/2339"}],"up":[{"embeddable":true,"href":"https:\/\/www.camping-la-prairie.fr\/en\/wp-json\/wp\/v2\/pages\/2290"}],"wp:featuredmedia":[{"embeddable":true,"href":"https:\/\/www.camping-la-prairie.fr\/en\/wp-json\/wp\/v2\/media\/1498"}],"wp:attachment":[{"href":"https:\/\/www.camping-la-prairie.fr\/en\/wp-json\/wp\/v2\/media?parent=2288"}],"wp:term":[{"taxonomy":"category","embeddable":true,"href":"https:\/\/www.camping-la-prairie.fr\/en\/wp-json\/wp\/v2\/categories?post=2288"},{"taxonomy":"post_tag","embeddable":true,"href":"https:\/\/www.camping-la-prairie.fr\/en\/wp-json\/wp\/v2\/tags?post=2288"}],"curies":[{"name":"wp","href":"https:\/\/api.w.org\/{rel}","templated":true}]}}