{"id":2704,"date":"2025-01-29T08:50:22","date_gmt":"2025-01-29T08:50:22","guid":{"rendered":"https:\/\/www.camping-la-prairie.fr\/tourisme-var\/camping-saint-tropez\/"},"modified":"2025-06-26T14:45:49","modified_gmt":"2025-06-26T14:45:49","slug":"camping-saint-tropez","status":"publish","type":"page","link":"https:\/\/www.camping-la-prairie.fr\/de\/tourisme-var\/camping-saint-tropez\/","title":{"rendered":"Saint-Tropez"},"content":{"rendered":"\n<section class=\"wp-block-group page-first traits-bas is-layout-flow wp-block-group-is-layout-flow\" style=\"padding-top:7rem;padding-bottom:7rem\">\n<div class=\"wp-block-columns are-vertically-aligned-center is-layout-flex wp-container-core-columns-is-layout-86160fd2 wp-block-columns-is-layout-flex\" style=\"padding-right:7rem;padding-left:7rem\">\n<div class=\"wp-block-column is-vertically-aligned-center first is-layout-flow wp-block-column-is-layout-flow\" style=\"flex-basis:40%\">\n<figure class=\"wp-block-image size-full\"><img decoding=\"async\" width=\"682\" height=\"591\" src=\"https:\/\/www.camping-la-prairie.fr\/wp-content\/uploads\/2025\/03\/camping-a-louer-a-saint-tropez.jpg\" alt=\"campingplatz in saint tropez zu vermieten\" class=\"wp-image-1508\" srcset=\"https:\/\/www.camping-la-prairie.fr\/wp-content\/uploads\/2025\/03\/camping-a-louer-a-saint-tropez.jpg 682w, https:\/\/www.camping-la-prairie.fr\/wp-content\/uploads\/2025\/03\/camping-a-louer-a-saint-tropez-300x260.jpg 300w\" sizes=\"(max-width: 682px) 100vw, 682px\" \/><\/figure>\n<\/div>\n\n\n\n<div class=\"wp-block-column is-vertically-aligned-center second is-layout-flow wp-block-column-is-layout-flow\" style=\"flex-basis:60%\"><h1 class=\"wp-block-heading has-accent-color has-text-color has-link-color wp-elements-dbab768752a05714a17bbbe21b5aad6b\" id=\"besuchen-sie-saint-tropez-zwischen-glitzer-und-authentizitaet\"><strong>Besuchen Sie Saint-Tropez<\/strong>, zwischen Glitzer und Authentizit\u00e4t<\/h1>\n\n\n<p>Saint-Tropez ist ein <strong>Traumziel<\/strong> f\u00fcr alle, die <strong>Sonne<\/strong>, <strong>Schwimmen<\/strong> und <strong>Faulenzen<\/strong> lieben. Diese kleine franz\u00f6sische Stadt an der C\u00f4te d&#8217;Azur ist ber\u00fchmt f\u00fcr ihre <strong>wundersch\u00f6nen Str\u00e4nde<\/strong>, <strong>malerischen Stra\u00dfen<\/strong> und <strong>glamour\u00f6se Atmosph\u00e4re<\/strong>.   <\/p>\n\n\n\n<p>Wenn es um einen unvergesslichen Urlaub geht, gibt es nichts Besseres als einen Campingurlaub in der N\u00e4he von Saint-Tropez. Ob Sie mit der Familie, mit Freunden oder als Paar unterwegs sind, dieses authentische und freundliche Dorf im Departement Var bietet alles, was Sie f\u00fcr einen perfekten Urlaub brauchen. <\/p>\n<\/div>\n<\/div>\n<\/section>\n\n<section class=\"wp-block-group page-second is-layout-flow wp-block-group-is-layout-flow\" style=\"padding-top:7rem;padding-bottom:4rem\">\n<div class=\"wp-block-columns are-vertically-aligned-center is-layout-flex wp-container-core-columns-is-layout-39c19385 wp-block-columns-is-layout-flex\" style=\"padding-right:7rem;padding-left:7rem\">\n<div class=\"wp-block-column is-vertically-aligned-center first is-layout-flow wp-block-column-is-layout-flow\"><h2 class=\"wp-block-heading\" id=\"was-sie-bei-einem-besuch-in-saint-tropez-nicht-verpassen-sollten\">Was Sie bei einem Besuch in Saint-Tropez <strong>nicht verpassen sollten<\/strong> <\/h2>\n\n\n<div style=\"height:2rem\" aria-hidden=\"true\" class=\"wp-block-spacer gt-hide-mobile\"><\/div>\n\n\n\n<p>Entdecken Sie die <strong>Wunder von Saint-Tropez<\/strong>, indem Sie mit einem <strong>Spaziergang zum Hafen<\/strong> beginnen. Dieser <strong>symboltr\u00e4chtige Ort<\/strong> beherbergt die <strong>luxuri\u00f6sesten Yachten<\/strong>, aber auch <strong>kleine traditionelle Boote<\/strong>. Dienstag- und Samstagmorgens ist der <strong>Markt auf dem Place des Lices<\/strong> ein Treffpunkt f\u00fcr Einheimische und Touristen. Hier finden Sie frische Produkte, Souvenirs und Kunsthandwerk.   <\/p>\n\n\n\n<p>Danach sollten Sie unbedingt <a href=\"https:\/\/www.saint-tropez.fr\/culture\/musee-de-lannonciade\/\" target=\"_blank\" rel=\"noreferrer noopener nofollow\">das Mus\u00e9e de l&#8217;Annonciade besuchen<\/a>. Dieses Museum ist in einer alten Kapelle untergebracht und zeigt Werke von<strong>ber\u00fchmten K\u00fcnstlern<\/strong> wie <strong>Signac<\/strong> und <strong>Matisse<\/strong>. Um in die maritime Geschichte der Region einzutauchen, besuchen Sie die <strong>Zitadelle<\/strong>. Dieses befestigte Monument \u00fcberragt die Stadt und bietet Ihnen einen atemberaubenden Blick auf den Golf von Saint-Tropez.   <\/p>\n\n\n    <div id=\"gt-fse-lire-plus-69e5c8325ccad\" class=\"gt-fse-lire-plus\" data-min-height=\"130\" style=\"background-color: #fff;\">\n        <input id=\"gt-fse-lire-plus-69e5c8325ccad-toggle\" type=\"checkbox\" class=\"gt-fse-lire-plus__toggle\" \/>\n        <label for=\"gt-fse-lire-plus-69e5c8325ccad-toggle\" class=\"gt-fse-lire-plus__toggle-label\">\n            <span>Lire plus<\/span>\n            <span>Lire moins<\/span>\n        <\/label>\n        <div class=\"gt-fse-lire-plus__content\" style=\"height: 130px;\">\n            \n\n<p>Schlie\u00dflich ist ein Aufenthalt auf einem Campingplatz in der N\u00e4he von Saint-Tropez nicht komplett, ohne die <strong>Str\u00e4nde des Mittelmeers<\/strong> zu genie\u00dfen. Der <strong>Strand von Pampelonne<\/strong> ist zweifellos der beste. <strong> <\/strong>die durch <strong>Brigitte Bardot<\/strong> in den 1950er Jahren ber\u00fchmt wurde, mit <strong>kilometerlangem feinem Sand<\/strong> und <strong>kristallklarem Wasser<\/strong>. Aber es gibt auch weniger besuchte <strong>Buchten<\/strong>, die Ihnen Ruhe und nat\u00fcrliche Sch\u00f6nheit bieten. <\/p>\n\n\n\n<p>F\u00fcr <strong>Badefreunde<\/strong> und <strong>Faulenzer<\/strong> gibt es nichts Besseres, als sich an diesen Str\u00e4nden niederzulassen und sich vom sanften Rauschen der Wellen berieseln zu lassen. An vielen Str\u00e4nden k\u00f6nnen Sie <strong>Liegest\u00fchle<\/strong> und <strong>Sonnenschirme<\/strong> <strong>mieten<\/strong> und in den <strong>Strandrestaurants<\/strong> sogar die lokale K\u00fcche probieren. <\/p>\n\n            <div class=\"gt-fse-lire-plus__gradient\" style=\"background: linear-gradient(to bottom,rgba(255,255,255,0) 0%,rgba(255,255,255,1) 100%);\"><\/div>\n        <\/div>\n    <\/div>\n    <\/div>\n\n\n\n<div class=\"wp-block-column is-vertically-aligned-center second is-layout-flow wp-block-column-is-layout-flow\">\n<figure class=\"wp-block-image size-full\"><img decoding=\"async\" width=\"901\" height=\"780\" src=\"https:\/\/www.camping-la-prairie.fr\/wp-content\/uploads\/2025\/03\/visiter-le-port-de-saint-tropez.jpg\" alt=\"Besichtigung des Hafens von Saint Tropez\" class=\"wp-image-1511\" srcset=\"https:\/\/www.camping-la-prairie.fr\/wp-content\/uploads\/2025\/03\/visiter-le-port-de-saint-tropez.jpg 901w, https:\/\/www.camping-la-prairie.fr\/wp-content\/uploads\/2025\/03\/visiter-le-port-de-saint-tropez-300x260.jpg 300w, https:\/\/www.camping-la-prairie.fr\/wp-content\/uploads\/2025\/03\/visiter-le-port-de-saint-tropez-768x665.jpg 768w\" sizes=\"(max-width: 901px) 100vw, 901px\" \/><figcaption class=\"wp-element-caption\">Hafen von Saint-Tropez<\/figcaption><\/figure>\n<\/div>\n<\/div>\n<\/section>\n\n<section class=\"wp-block-group page-third is-layout-flow wp-block-group-is-layout-flow\" style=\"padding-top:4vw;padding-bottom:4vw\"><h2 class=\"wp-block-heading has-text-align-center\" id=\"vom-schaufensterbummel-bis-zur-tropezienne-probieren-sie-die-aktivitaeten-aus\">Vom Schaufensterbummel bis zur Trop\u00e9zienne: <br><strong>Probieren Sie die Aktivit\u00e4ten aus.<\/strong><\/h2>\n\n\n<div style=\"height:2rem\" aria-hidden=\"true\" class=\"wp-block-spacer gt-hide-mobile\"><\/div>\n\n\n\n<div class=\"wp-block-group has-global-padding is-layout-constrained wp-container-core-group-is-layout-4383d167 wp-block-group-is-layout-constrained\">\n<p class=\"has-text-align-center\">Ihr Besuch in Saint-Tropez wird durch eine Vielzahl von<strong>Aktivit\u00e4ten f\u00fcr jeden Geschmack<\/strong> bereichert. <strong>Sportbegeisterte<\/strong> k\u00f6nnen <strong>paddeln<\/strong>, <strong>Jet Ski <\/strong>fahren oder <strong>tauchen<\/strong>, um den Meeresgrund zu erkunden. F\u00fcr ein ruhigeres Erlebnis k\u00f6nnen Sie eine <strong>Bootsfahrt um den Golf<\/strong> machen.  <\/p>\n\n\n    <div id=\"gt-fse-lire-plus-69e5c8325d214\" class=\"gt-fse-lire-plus\" data-min-height=\"130\" style=\"background-color: #fff;\">\n        <input id=\"gt-fse-lire-plus-69e5c8325d214-toggle\" type=\"checkbox\" class=\"gt-fse-lire-plus__toggle\" \/>\n        <label for=\"gt-fse-lire-plus-69e5c8325d214-toggle\" class=\"gt-fse-lire-plus__toggle-label\">\n            <span>Lire plus<\/span>\n            <span>Lire moins<\/span>\n        <\/label>\n        <div class=\"gt-fse-lire-plus__content\" style=\"height: 130px;\">\n            \n\n<p class=\"has-text-align-center\">Ein weiterer beliebter Zeitvertreib in Saint-Tropez ist das <strong>Einkaufen<\/strong>. Viele <strong>exklusive Boutiquen<\/strong> und <strong>traditionelle Gesch\u00e4fte<\/strong> sind in der ganzen Stadt verstreut. Ob Sie nun elegante und <strong>modische<\/strong> Kleidung, schicke Accessoires oder einzigartige Souvenirs kaufen m\u00f6chten, hier werden Sie f\u00fcndig.  <\/p>\n\n\n\n<p class=\"has-text-align-center\">Schlie\u00dflich k\u00f6nnen Sie die<strong>Tropez-Erfahrung<\/strong> in vollen Z\u00fcgen genie\u00dfen, indem Sie in den besten Restaurants <strong>lokale Gerichte<\/strong> probieren. <strong>Frischer Fisch<\/strong>, <strong>Meeresfr\u00fcchte<\/strong> und die <strong>provenzalische K\u00fcche<\/strong> stehen hier im Mittelpunkt. Probieren Sie unbedingt die lokalen Spezialit\u00e4ten wie die <strong>Tarte Trop\u00e9zienne<\/strong>. Das <strong>Nachtleben<\/strong> von Saint-Tropez ist ebenfalls legend\u00e4r. Zwischen den <strong>lebhaften Bars<\/strong>, den <strong>renommierten Clubs<\/strong> und den <strong>festlichen Abenden<\/strong> ist jede Nacht eine Gelegenheit, bis in die fr\u00fchen Morgenstunden zu feiern. Selbst wenn Sie einen ruhigeren Abend bevorzugen, gibt es viele Orte, die eine <strong>entspannte Atmosph\u00e4re<\/strong> bieten, wo Sie <strong>einen Cocktail genie\u00dfen<\/strong> und die Aussicht bewundern k\u00f6nnen.    <\/p>\n\n            <div class=\"gt-fse-lire-plus__gradient\" style=\"background: linear-gradient(to bottom,rgba(255,255,255,0) 0%,rgba(255,255,255,1) 100%);\"><\/div>\n        <\/div>\n    <\/div>\n    <\/div>\n\n\n\n<div class=\"wp-block-columns galerie is-layout-flex wp-container-core-columns-is-layout-28f84493 wp-block-columns-is-layout-flex\">\n<div class=\"wp-block-column has-cta is-layout-flow wp-block-column-is-layout-flow\">\n<figure class=\"wp-block-image size-full custom-srcset\"><img decoding=\"async\" width=\"2000\" height=\"1333\" src=\"https:\/\/www.camping-la-prairie.fr\/wp-content\/uploads\/2025\/03\/faire-des-activites-nautiques-a-saint-tropez.jpg\" alt=\"Wassersport in Saint Tropez\" class=\"wp-image-1515\" srcset=\"https:\/\/www.camping-la-prairie.fr\/wp-content\/uploads\/2025\/03\/faire-des-activites-nautiques-a-saint-tropez.jpg 2000w, https:\/\/www.camping-la-prairie.fr\/wp-content\/uploads\/2025\/03\/faire-des-activites-nautiques-a-saint-tropez-300x200.jpg 300w, https:\/\/www.camping-la-prairie.fr\/wp-content\/uploads\/2025\/03\/faire-des-activites-nautiques-a-saint-tropez-1024x682.jpg 1024w, https:\/\/www.camping-la-prairie.fr\/wp-content\/uploads\/2025\/03\/faire-des-activites-nautiques-a-saint-tropez-768x512.jpg 768w, https:\/\/www.camping-la-prairie.fr\/wp-content\/uploads\/2025\/03\/faire-des-activites-nautiques-a-saint-tropez-1536x1024.jpg 1536w\" sizes=\"(max-width: 2000px) 100vw, 2000px\" \/><\/figure>\n<\/div>\n\n\n\n<div class=\"wp-block-column has-cta is-layout-flow wp-block-column-is-layout-flow\">\n<figure class=\"wp-block-image size-full custom-srcset\"><img decoding=\"async\" width=\"2000\" height=\"1333\" src=\"https:\/\/www.camping-la-prairie.fr\/wp-content\/uploads\/2025\/03\/faire-les-boutiques-a-saint-tropez.jpg\" alt=\"Einkaufen in Saint Tropez\" class=\"wp-image-1518\" srcset=\"https:\/\/www.camping-la-prairie.fr\/wp-content\/uploads\/2025\/03\/faire-les-boutiques-a-saint-tropez.jpg 2000w, https:\/\/www.camping-la-prairie.fr\/wp-content\/uploads\/2025\/03\/faire-les-boutiques-a-saint-tropez-300x200.jpg 300w, https:\/\/www.camping-la-prairie.fr\/wp-content\/uploads\/2025\/03\/faire-les-boutiques-a-saint-tropez-1024x682.jpg 1024w, https:\/\/www.camping-la-prairie.fr\/wp-content\/uploads\/2025\/03\/faire-les-boutiques-a-saint-tropez-768x512.jpg 768w, https:\/\/www.camping-la-prairie.fr\/wp-content\/uploads\/2025\/03\/faire-les-boutiques-a-saint-tropez-1536x1024.jpg 1536w\" sizes=\"(max-width: 2000px) 100vw, 2000px\" \/><\/figure>\n<\/div>\n\n\n\n<div class=\"wp-block-column has-cta is-layout-flow wp-block-column-is-layout-flow\">\n<figure class=\"wp-block-image size-full custom-srcset\"><img decoding=\"async\" width=\"2000\" height=\"1333\" src=\"https:\/\/www.camping-la-prairie.fr\/wp-content\/uploads\/2025\/03\/restaurant-en-bord-de-mer-a-saint-tropez.jpg\" alt=\"restaurant am meer in saint tropez\" class=\"wp-image-1521\" srcset=\"https:\/\/www.camping-la-prairie.fr\/wp-content\/uploads\/2025\/03\/restaurant-en-bord-de-mer-a-saint-tropez.jpg 2000w, https:\/\/www.camping-la-prairie.fr\/wp-content\/uploads\/2025\/03\/restaurant-en-bord-de-mer-a-saint-tropez-300x200.jpg 300w, https:\/\/www.camping-la-prairie.fr\/wp-content\/uploads\/2025\/03\/restaurant-en-bord-de-mer-a-saint-tropez-1024x682.jpg 1024w, https:\/\/www.camping-la-prairie.fr\/wp-content\/uploads\/2025\/03\/restaurant-en-bord-de-mer-a-saint-tropez-768x512.jpg 768w, https:\/\/www.camping-la-prairie.fr\/wp-content\/uploads\/2025\/03\/restaurant-en-bord-de-mer-a-saint-tropez-1536x1024.jpg 1536w\" sizes=\"(max-width: 2000px) 100vw, 2000px\" \/><\/figure>\n<\/div>\n<\/div>\n<\/section>\n\n<section class=\"wp-block-group page-fourth traits-haut is-layout-flow wp-block-group-is-layout-flow\" style=\"padding-top:7rem;padding-bottom:4rem\">\n<div class=\"wp-block-columns are-vertically-aligned-center is-layout-flex wp-container-core-columns-is-layout-64c91fef wp-block-columns-is-layout-flex\" style=\"padding-right:4rem;padding-left:4rem\">\n<div class=\"wp-block-column is-vertically-aligned-center first is-layout-flow wp-block-column-is-layout-flow\">\n<figure class=\"wp-block-image size-full\"><img decoding=\"async\" width=\"901\" height=\"780\" src=\"https:\/\/www.camping-la-prairie.fr\/wp-content\/uploads\/2025\/03\/marches-de-saint-tropez.jpg\" alt=\"marches de saint tropez\" class=\"wp-image-1525\" srcset=\"https:\/\/www.camping-la-prairie.fr\/wp-content\/uploads\/2025\/03\/marches-de-saint-tropez.jpg 901w, https:\/\/www.camping-la-prairie.fr\/wp-content\/uploads\/2025\/03\/marches-de-saint-tropez-300x260.jpg 300w, https:\/\/www.camping-la-prairie.fr\/wp-content\/uploads\/2025\/03\/marches-de-saint-tropez-768x665.jpg 768w\" sizes=\"(max-width: 901px) 100vw, 901px\" \/><figcaption class=\"wp-element-caption\">M\u00e4rkte in Saint-Tropez<\/figcaption><\/figure>\n<\/div>\n\n\n\n<div class=\"wp-block-column is-vertically-aligned-center second is-layout-flow wp-block-column-is-layout-flow\"><h2 class=\"wp-block-heading\" id=\"campingplatz-in-der-naehe-von-saint-tropez\">Campingplatz in der N\u00e4he von <strong>Saint-Tropez<\/strong><\/h2>\n\n\n<p>S\u00e9journer dans un \u00e9tablissement proche de Saint-Tropez, comme notre <a href=\"https:\/\/www.camping-la-prairie.fr\/\" data-type=\"page\" data-id=\"5\">camping au Muy dans le Var<\/a>, permet de <strong>profiter pleinement <\/strong>de tout ce que la r\u00e9gion a \u00e0 offrir. Le Muy est un village charmant et convivial, situ\u00e9 \u00e0 moins de 37 km de Saint-Tropez. Cette proximit\u00e9 est id\u00e9ale pour ceux qui souhaitent combiner <strong>tranquillit\u00e9 rurale et glamour c\u00f4tier<\/strong>.<\/p>\n\n\n\n<p>Depuis votre h\u00e9bergement au Muy, il devient ainsi tr\u00e8s facile de planifier des excursions vers Saint-Tropez. En louant une voiture, en prenant les transports publics, ou m\u00eame en embarquant \u00e0 bord de la <strong>navette maritime <\/strong>de <a href=\"https:\/\/www.camping-la-prairie.fr\/tourisme-var\/tourisme-sainte-maxime\/\" data-type=\"page\" data-id=\"15\">Sainte-Maxime<\/a> qui vous m\u00e8ne <strong>directement au port de Saint-Tropez<\/strong> et vous permet par la m\u00eame occasion d\u2019\u00e9conomiser sur les co\u00fbts de parkings, vous pouvez rejoindre rapidement et ais\u00e9ment les lieux phares de la r\u00e9gion.<\/p>\n\n\n\n<ul class=\"wp-block-list\">\n<li>Besuch des Marktes von Saint-Tropez am Samstagmorgen<\/li>\n\n\n\n<li>Verbringen Sie einen ganzen Tag an den Str\u00e4nden von Ramatuelle (z.B. am Strand von Pampelonne).<\/li>\n\n\n\n<li>Verkostung lokaler Weine in den nahe gelegenen Weinbergen<\/li>\n\n\n\n<li>Machen Sie eine Kreuzfahrt um den Golf von Saint-Tropez<\/li>\n\n\n\n<li>Erkunden Sie die kleinen Gassen und schattigen Pl\u00e4tze der Stadt.<\/li>\n<\/ul>\n<\/div>\n<\/div>\n<\/section>\n\n<section class=\"wp-block-group page-maillage is-layout-flow wp-block-group-is-layout-flow\" style=\"padding-top:4rem;padding-right:4rem;padding-bottom:7rem;padding-left:4rem\">\n<p class=\"has-text-align-center has-accent-2-color has-text-color has-link-color wp-elements-4976f9904e36020118c035ec8e0d85ed\" style=\"font-size:clamp(1.551rem, 1.551rem + ((1vw - 0.2rem) * 1.748), 2.6rem);line-height:1.4;text-transform:uppercase\"><strong>Entdecken Sie<\/strong> <br\/>Sainte-maxime, die Schluchten des Verdon und fr\u00e9jus\/ saint-raphael.<\/p>\n\n\n\n<div style=\"height:2rem\" aria-hidden=\"true\" class=\"wp-block-spacer gt-hide-mobile\"><\/div>\n\n\n\n<div data-wp-context=\"{}\" data-wp-interactive=\"core\/query\" data-wp-key=\"0\" data-wp-router-region=\"query-0\" class=\"wp-block-query alignwide gt-fse-maillage-query is-layout-flow wp-block-query-is-layout-flow\"><ul class=\"columns-3 gt-fse-cta wp-block-post-template is-layout-grid wp-container-core-post-template-is-layout-6d3fbd8f wp-block-post-template-is-layout-grid\"><li data-wp-key=\"post-template-item-2685\" class=\"wp-block-post post-2685 page type-page status-publish has-post-thumbnail hentry\">\n\n<div class=\"wp-block-group has-cta is-layout-flow wp-block-group-is-layout-flow\">\n<figure class=\"wp-block-image gt-fse-cta__image custom-srcset page\"><img decoding=\"async\" src=\"https:\/\/www.camping-la-prairie.fr\/wp-content\/uploads\/2025\/03\/vacances-en-camping-pas-cheres-a-frejus.jpg\" alt=\"Fr\u00e9jus \/ Saint-Rapha\u00ebl\"\/><\/figure>\n\n\n\n<p class=\"gt-fse-cta__title has-accent-5-color has-text-color has-link-color wp-elements-9e46dfb13e9204ef3273f9df79e72862\" style=\"font-size:clamp(1.135rem, 1.135rem + ((1vw - 0.2rem) * 1.075), 1.78rem);font-style:normal;font-weight:700;text-transform:uppercase\">Fr\u00e9jus \/ Saint-Rapha\u00ebl<\/p>\n\n\n<a class=\"is-style-lien-cover wp-block-read-more\" href=\"https:\/\/www.camping-la-prairie.fr\/de\/tourisme-var\/camping-frejus-saint-raphael\/\" target=\"_self\">Weiterlesen<span class=\"screen-reader-text\">: Fr\u00e9jus \/ Saint-Rapha\u00ebl<\/span><\/a><\/div>\n\n<\/li><li data-wp-key=\"post-template-item-2660\" class=\"wp-block-post post-2660 page type-page status-publish has-post-thumbnail hentry\">\n\n<div class=\"wp-block-group has-cta is-layout-flow wp-block-group-is-layout-flow\">\n<figure class=\"wp-block-image gt-fse-cta__image custom-srcset page\"><img decoding=\"async\" src=\"https:\/\/www.camping-la-prairie.fr\/wp-content\/uploads\/2025\/03\/gorges-du-verdon.jpg\" alt=\"Gorges du Verdon\"\/><\/figure>\n\n\n\n<p class=\"gt-fse-cta__title has-accent-5-color has-text-color has-link-color wp-elements-9e46dfb13e9204ef3273f9df79e72862\" style=\"font-size:clamp(1.135rem, 1.135rem + ((1vw - 0.2rem) * 1.075), 1.78rem);font-style:normal;font-weight:700;text-transform:uppercase\">Gorges du Verdon<\/p>\n\n\n<a class=\"is-style-lien-cover wp-block-read-more\" href=\"https:\/\/www.camping-la-prairie.fr\/de\/tourisme-var\/tourisme-gorges-du-verdon\/\" target=\"_self\">Weiterlesen<span class=\"screen-reader-text\">: Gorges du Verdon<\/span><\/a><\/div>\n\n<\/li><li data-wp-key=\"post-template-item-2630\" class=\"wp-block-post post-2630 page type-page status-publish has-post-thumbnail hentry\">\n\n<div class=\"wp-block-group has-cta is-layout-flow wp-block-group-is-layout-flow\">\n<figure class=\"wp-block-image gt-fse-cta__image custom-srcset page\"><img decoding=\"async\" src=\"https:\/\/www.camping-la-prairie.fr\/wp-content\/uploads\/2025\/03\/vacances-a-sainte-maxime-en-provence.jpg\" alt=\"Sainte-Maxime\"\/><\/figure>\n\n\n\n<p class=\"gt-fse-cta__title has-accent-5-color has-text-color has-link-color wp-elements-9e46dfb13e9204ef3273f9df79e72862\" style=\"font-size:clamp(1.135rem, 1.135rem + ((1vw - 0.2rem) * 1.075), 1.78rem);font-style:normal;font-weight:700;text-transform:uppercase\">Sainte-Maxime<\/p>\n\n\n<a class=\"is-style-lien-cover wp-block-read-more\" href=\"https:\/\/www.camping-la-prairie.fr\/de\/tourisme-var\/tourisme-sainte-maxime\/\" target=\"_self\">Weiterlesen<span class=\"screen-reader-text\">: Sainte-Maxime<\/span><\/a><\/div>\n\n<\/li><\/ul><\/div>\n<\/section>\n","protected":false},"excerpt":{"rendered":"<p>Besuchen Sie Saint-Tropez, zwischen Glitzer und Authentizit\u00e4t Saint-Tropez ist ein Traumziel f\u00fcr alle, die Sonne, Schwimmen und Faulenzen lieben. Diese kleine franz\u00f6sische Stadt an der C\u00f4te d&#8217;Azur ist ber\u00fchmt f\u00fcr ihre wundersch\u00f6nen Str\u00e4nde, malerischen Stra\u00dfen und glamour\u00f6se Atmosph\u00e4re. Wenn es um einen unvergesslichen Urlaub geht, gibt es nichts Besseres als einen Campingurlaub in der N\u00e4he [&hellip;]<\/p>\n","protected":false},"author":1,"featured_media":2711,"parent":2587,"menu_order":0,"comment_status":"closed","ping_status":"closed","template":"","meta":{"_seopress_robots_primary_cat":"","_seopress_titles_title":"Campingplatz in der N\u00e4he von Saint-Tropez","_seopress_titles_desc":"Campingplatz in der N\u00e4he von Saint-Tropez: Strass und Glitzer an der C\u00f4te d'Azur, ohne dabei das Faulenzen am Strand, das Einkaufen, die Tarte Trop\u00e9zienne und die Besichtigungen zu vergessen!","_seopress_robots_index":"","_gt_ctv_global_id":"","_gt_ctv_id_group":false,"inline_featured_image":false,"gt_fse_maillage_image":"https:\/\/www.camping-la-prairie.fr\/wp-content\/uploads\/2025\/03\/location-de-vamping-a-saint-tropez.jpg","gt_fse_maillage_titre":"Saint-Tropez","gt_fse_maillage_alt":"Saint-Tropez","gt_fse_maillage_resume":"","footnotes":""},"categories":[],"tags":[],"class_list":["post-2704","page","type-page","status-publish","has-post-thumbnail","hentry"],"_links":{"self":[{"href":"https:\/\/www.camping-la-prairie.fr\/de\/wp-json\/wp\/v2\/pages\/2704","targetHints":{"allow":["GET"]}}],"collection":[{"href":"https:\/\/www.camping-la-prairie.fr\/de\/wp-json\/wp\/v2\/pages"}],"about":[{"href":"https:\/\/www.camping-la-prairie.fr\/de\/wp-json\/wp\/v2\/types\/page"}],"author":[{"embeddable":true,"href":"https:\/\/www.camping-la-prairie.fr\/de\/wp-json\/wp\/v2\/users\/1"}],"replies":[{"embeddable":true,"href":"https:\/\/www.camping-la-prairie.fr\/de\/wp-json\/wp\/v2\/comments?post=2704"}],"version-history":[{"count":1,"href":"https:\/\/www.camping-la-prairie.fr\/de\/wp-json\/wp\/v2\/pages\/2704\/revisions"}],"predecessor-version":[{"id":2712,"href":"https:\/\/www.camping-la-prairie.fr\/de\/wp-json\/wp\/v2\/pages\/2704\/revisions\/2712"}],"up":[{"embeddable":true,"href":"https:\/\/www.camping-la-prairie.fr\/de\/wp-json\/wp\/v2\/pages\/2587"}],"wp:featuredmedia":[{"embeddable":true,"href":"https:\/\/www.camping-la-prairie.fr\/de\/wp-json\/wp\/v2\/media\/2711"}],"wp:attachment":[{"href":"https:\/\/www.camping-la-prairie.fr\/de\/wp-json\/wp\/v2\/media?parent=2704"}],"wp:term":[{"taxonomy":"category","embeddable":true,"href":"https:\/\/www.camping-la-prairie.fr\/de\/wp-json\/wp\/v2\/categories?post=2704"},{"taxonomy":"post_tag","embeddable":true,"href":"https:\/\/www.camping-la-prairie.fr\/de\/wp-json\/wp\/v2\/tags?post=2704"}],"curies":[{"name":"wp","href":"https:\/\/api.w.org\/{rel}","templated":true}]}}