{"id":2685,"date":"2025-01-29T08:50:21","date_gmt":"2025-01-29T08:50:21","guid":{"rendered":"https:\/\/www.camping-la-prairie.fr\/tourisme-var\/camping-frejus-saint-raphael\/"},"modified":"2025-06-26T14:45:49","modified_gmt":"2025-06-26T14:45:49","slug":"camping-frejus-saint-raphael","status":"publish","type":"page","link":"https:\/\/www.camping-la-prairie.fr\/de\/tourisme-var\/camping-frejus-saint-raphael\/","title":{"rendered":"Fr\u00e9jus \/ Saint-Rapha\u00ebl"},"content":{"rendered":"\n<section class=\"wp-block-group page-first traits-bas is-layout-flow wp-block-group-is-layout-flow\" style=\"padding-top:7rem;padding-bottom:7rem\">\n<div class=\"wp-block-columns are-vertically-aligned-center is-layout-flex wp-container-core-columns-is-layout-86160fd2 wp-block-columns-is-layout-flex\" style=\"padding-right:7rem;padding-left:7rem\">\n<div class=\"wp-block-column is-vertically-aligned-center first is-layout-flow wp-block-column-is-layout-flow\" style=\"flex-basis:40%\">\n<figure class=\"wp-block-image size-full\"><img decoding=\"async\" width=\"682\" height=\"591\" src=\"https:\/\/www.camping-la-prairie.fr\/wp-content\/uploads\/2025\/03\/visiter-saint-raphael-dans-le-var.jpg\" alt=\"besichtigen sie saint raphael im var\" class=\"wp-image-1456\" srcset=\"https:\/\/www.camping-la-prairie.fr\/wp-content\/uploads\/2025\/03\/visiter-saint-raphael-dans-le-var.jpg 682w, https:\/\/www.camping-la-prairie.fr\/wp-content\/uploads\/2025\/03\/visiter-saint-raphael-dans-le-var-300x260.jpg 300w\" sizes=\"(max-width: 682px) 100vw, 682px\" \/><figcaption class=\"wp-element-caption\">Saint-Raphael<\/figcaption><\/figure>\n<\/div>\n\n\n\n<div class=\"wp-block-column is-vertically-aligned-center second is-layout-flow wp-block-column-is-layout-flow\" style=\"flex-basis:60%\"><h1 class=\"wp-block-heading has-accent-color has-text-color has-link-color wp-elements-f7152f0e1dea9d66a4c4cfa162cba76a\" id=\"frejus-saint-raphael-ein-muss-in-unmittelbarer-naehe-des-campingplatzes\"><strong>Fr\u00e9jus-Saint-Rapha\u00ebl:<\/strong> ein Muss in unmittelbarer N\u00e4he des Campingplatzes<\/h1>\n\n\n<div style=\"height:2rem\" aria-hidden=\"true\" class=\"wp-block-spacer gt-hide-mobile\"><\/div>\n\n\n\n<p>Fr\u00e9jus und Saint-Rapha\u00ebl, nur <strong>20 Minuten vom Campingplatz<\/strong> entfernt, sind zwei wundersch\u00f6ne St\u00e4dte im Departement Var und ein beliebtes Reiseziel f\u00fcr alle, die <strong>Natur<\/strong>, <strong>Farniente<\/strong> und <strong>kulturelle Aktivit\u00e4ten<\/strong> kombinieren m\u00f6chten.  <\/p>\n<\/div>\n<\/div>\n<\/section>\n\n<section class=\"wp-block-group page-second is-layout-flow wp-block-group-is-layout-flow\" style=\"padding-top:7rem;padding-bottom:4rem\">\n<div class=\"wp-block-columns are-vertically-aligned-center is-layout-flex wp-container-core-columns-is-layout-39c19385 wp-block-columns-is-layout-flex\" style=\"padding-right:7rem;padding-left:7rem\">\n<div class=\"wp-block-column is-vertically-aligned-center first is-layout-flow wp-block-column-is-layout-flow\"><h2 class=\"wp-block-heading\" id=\"spaziergang-und-faulenzen-an-den-straenden-von-frejus\">Spaziergang und Faulenzen an<strong> den Str\u00e4nden von Fr\u00e9jus<\/strong><\/h2>\n\n\n<div style=\"height:2rem\" aria-hidden=\"true\" class=\"wp-block-spacer gt-hide-mobile\"><\/div>\n\n\n\n<p>Fr\u00e9jus, ein bekannter <strong>Badeort <\/strong>im Departement Var, hat mit dem Viertel Port &#8211; Fr\u00e9jus, das aus Kais und Pl\u00e4tzen besteht, die zum Hafen und zum Mittelmeer hin offen sind, das Meer wieder in <strong>das Herz der Stadt<\/strong> gebracht. Die Stadt ist sehr beliebt f\u00fcr ihre 8 km langen <strong>Sandstr\u00e4nde <\/strong>, darunter <strong>einer der gr\u00f6\u00dften wilden Str\u00e4nde des Var, der<\/strong> sich an eine D\u00fcnenkette schmiegt. <\/p>\n\n\n\n<p>Ein weiterer Stadtteil von Fr\u00e9jus, der sich im Schatten von Kiefern und <strong>Eichen<\/strong> erstreckt, ist <strong>Saint-Aygulf <\/strong>, das vom <strong>Duft der Eukalyptusb\u00e4ume und Mimosen<\/strong> umgeben ist. Dieser kleine Badeort ist beliebt f\u00fcr seinen<strong> Jachthafen <\/strong>und seine bezaubernden Buchten mit kleinen Str\u00e4nden, die zum Baden im Mittelmeer in einer zauberhaften Umgebung einladen. <\/p>\n\n\n\n<p>Weniger als 30 Minuten von Fr\u00e9jus entfernt liegt der <strong>Strand von Dramont<\/strong>, der f\u00fcr sein <strong>kristallklares Wasser<\/strong> bekannt ist. Perfekt f\u00fcr einen <strong>entspannten<\/strong> Tag <strong>unter der Sonne des Mittelmeers<\/strong>. <\/p>\n<\/div>\n\n\n\n<div class=\"wp-block-column is-vertically-aligned-center second is-layout-flow wp-block-column-is-layout-flow\">\n<figure class=\"wp-block-image size-full\"><img decoding=\"async\" width=\"901\" height=\"780\" src=\"https:\/\/www.camping-la-prairie.fr\/wp-content\/uploads\/2025\/03\/plage-de-frejus.jpg\" alt=\"Strand von Frejus\" class=\"wp-image-1459\" srcset=\"https:\/\/www.camping-la-prairie.fr\/wp-content\/uploads\/2025\/03\/plage-de-frejus.jpg 901w, https:\/\/www.camping-la-prairie.fr\/wp-content\/uploads\/2025\/03\/plage-de-frejus-300x260.jpg 300w, https:\/\/www.camping-la-prairie.fr\/wp-content\/uploads\/2025\/03\/plage-de-frejus-768x665.jpg 768w\" sizes=\"(max-width: 901px) 100vw, 901px\" \/><figcaption class=\"wp-element-caption\">Strand von Fr\u00e9jus<\/figcaption><\/figure>\n<\/div>\n<\/div>\n<\/section>\n\n<section class=\"wp-block-group page-third is-layout-flow wp-block-group-is-layout-flow\" style=\"padding-top:4vw;padding-bottom:4vw\"><h2 class=\"wp-block-heading has-text-align-center\" id=\"sehenswuerdigkeiten-in-frejus-saint-raphael\"><strong>Sehensw\u00fcrdigkeiten<\/strong> <br>in Fr\u00e9jus-Saint-Rapha\u00ebl<\/h2>\n\n\n<div style=\"height:2rem\" aria-hidden=\"true\" class=\"wp-block-spacer gt-hide-mobile\"><\/div>\n\n\n\n<div class=\"wp-block-group has-global-padding is-layout-constrained wp-container-core-group-is-layout-4383d167 wp-block-group-is-layout-constrained\">\n<p class=\"has-text-align-center\">Die Stadt <strong>Fr\u00e9jus ist reich an Geschichte<\/strong>. Bei einem Spaziergang durch die Stra\u00dfen k\u00f6nnen Sie beeindruckende Monumente wie das<a href=\"https:\/\/www.ville-frejus.fr\/archeologie-et-patrimoine\/musees-et-monuments\/amphitheatre\/\" target=\"_blank\" rel=\"noreferrer noopener nofollow\">r\u00f6mische Amphitheater<\/a>, die <strong>Kathedrale Saint-L\u00e9once<\/strong> und viele \u00dcberreste aus der r\u00f6mischen Zeit entdecken. <\/p>\n\n\n\n<p><strong>Saint-Rapha\u00ebl<\/strong> bietet auch <strong>architektonische Juwelen<\/strong> wie die <strong>Basilika Notre-Dame-de-la-Victoire<\/strong> und das <a href=\"https:\/\/www.ville-saintraphael.fr\/cultivee\/musees\/musee-archeologique\" target=\"_blank\" rel=\"noreferrer noopener nofollow\">arch\u00e4ologische Museum in der Altstadt<\/a>. Diese Besuche sind ideal, um Ihren Aufenthalt kulturell zu bereichern. <\/p>\n\n\n\n<p class=\"has-text-align-center\">Nehmen Sie sich die Zeit, das <strong>Esterel-Massiv<\/strong> zu entdecken, ein weiteres Muss in dieser Region. Dieses vulkanische Massiv bietet eine <strong>atemberaubende Landschaft<\/strong> und eine Vielzahl von <strong>Wanderwegen<\/strong> mit unterschiedlichen Schwierigkeitsgraden. Ob Sie nun ein erfahrener Wanderer sind oder lieber gem\u00fctlich spazieren gehen, das Esterel-Gebirge wird Sie mit seiner<strong> wilden und farbenfrohen Sch\u00f6nheit<\/strong> verzaubern, besonders bei Sonnenaufgang oder Sonnenuntergang.  <\/p>\n<\/div>\n\n\n\n<div class=\"wp-block-columns galerie is-layout-flex wp-container-core-columns-is-layout-28f84493 wp-block-columns-is-layout-flex\">\n<div class=\"wp-block-column has-cta is-layout-flow wp-block-column-is-layout-flow\">\n<figure class=\"wp-block-image size-full custom-srcset\"><img decoding=\"async\" width=\"2000\" height=\"1333\" src=\"https:\/\/www.camping-la-prairie.fr\/wp-content\/uploads\/2025\/03\/tourisme-basilique-notre-dame-de-la-victoire-saint-raphael.jpg\" alt=\"Tourismus Basilika Notre Dame de la victoire Saint Raphael\" class=\"wp-image-1485\" srcset=\"https:\/\/www.camping-la-prairie.fr\/wp-content\/uploads\/2025\/03\/tourisme-basilique-notre-dame-de-la-victoire-saint-raphael.jpg 2000w, https:\/\/www.camping-la-prairie.fr\/wp-content\/uploads\/2025\/03\/tourisme-basilique-notre-dame-de-la-victoire-saint-raphael-300x200.jpg 300w, https:\/\/www.camping-la-prairie.fr\/wp-content\/uploads\/2025\/03\/tourisme-basilique-notre-dame-de-la-victoire-saint-raphael-1024x682.jpg 1024w, https:\/\/www.camping-la-prairie.fr\/wp-content\/uploads\/2025\/03\/tourisme-basilique-notre-dame-de-la-victoire-saint-raphael-768x512.jpg 768w, https:\/\/www.camping-la-prairie.fr\/wp-content\/uploads\/2025\/03\/tourisme-basilique-notre-dame-de-la-victoire-saint-raphael-1536x1024.jpg 1536w\" sizes=\"(max-width: 2000px) 100vw, 2000px\" \/><\/figure>\n<\/div>\n\n\n\n<div class=\"wp-block-column has-cta is-layout-flow wp-block-column-is-layout-flow\">\n<figure class=\"wp-block-image size-full custom-srcset\"><img decoding=\"async\" width=\"2000\" height=\"1333\" src=\"https:\/\/www.camping-la-prairie.fr\/wp-content\/uploads\/2025\/03\/cathedrale-sainte-leonce-cote-azur.jpg\" alt=\"kathedrale sainte leonce cote azur\" class=\"wp-image-1479\" srcset=\"https:\/\/www.camping-la-prairie.fr\/wp-content\/uploads\/2025\/03\/cathedrale-sainte-leonce-cote-azur.jpg 2000w, https:\/\/www.camping-la-prairie.fr\/wp-content\/uploads\/2025\/03\/cathedrale-sainte-leonce-cote-azur-300x200.jpg 300w, https:\/\/www.camping-la-prairie.fr\/wp-content\/uploads\/2025\/03\/cathedrale-sainte-leonce-cote-azur-1024x682.jpg 1024w, https:\/\/www.camping-la-prairie.fr\/wp-content\/uploads\/2025\/03\/cathedrale-sainte-leonce-cote-azur-768x512.jpg 768w, https:\/\/www.camping-la-prairie.fr\/wp-content\/uploads\/2025\/03\/cathedrale-sainte-leonce-cote-azur-1536x1024.jpg 1536w\" sizes=\"(max-width: 2000px) 100vw, 2000px\" \/><\/figure>\n<\/div>\n\n\n\n<div class=\"wp-block-column has-cta is-layout-flow wp-block-column-is-layout-flow\">\n<figure class=\"wp-block-image size-full custom-srcset\"><img decoding=\"async\" width=\"2000\" height=\"1333\" src=\"https:\/\/www.camping-la-prairie.fr\/wp-content\/uploads\/2025\/03\/visiter-le-massif-esterel-var.jpg\" alt=\"Besuchen Sie das Massif Eterel Var\" class=\"wp-image-1482\" style=\"object-fit:cover\" srcset=\"https:\/\/www.camping-la-prairie.fr\/wp-content\/uploads\/2025\/03\/visiter-le-massif-esterel-var.jpg 2000w, https:\/\/www.camping-la-prairie.fr\/wp-content\/uploads\/2025\/03\/visiter-le-massif-esterel-var-300x200.jpg 300w, https:\/\/www.camping-la-prairie.fr\/wp-content\/uploads\/2025\/03\/visiter-le-massif-esterel-var-1024x682.jpg 1024w, https:\/\/www.camping-la-prairie.fr\/wp-content\/uploads\/2025\/03\/visiter-le-massif-esterel-var-768x512.jpg 768w, https:\/\/www.camping-la-prairie.fr\/wp-content\/uploads\/2025\/03\/visiter-le-massif-esterel-var-1536x1024.jpg 1536w\" sizes=\"(max-width: 2000px) 100vw, 2000px\" \/><\/figure>\n<\/div>\n<\/div>\n<\/section>\n\n<section class=\"wp-block-group page-fourth traits-haut is-layout-flow wp-block-group-is-layout-flow\" style=\"padding-top:7rem;padding-bottom:4rem\">\n<div class=\"wp-block-columns are-vertically-aligned-center is-layout-flex wp-container-core-columns-is-layout-64c91fef wp-block-columns-is-layout-flex\" style=\"padding-right:4rem;padding-left:4rem\">\n<div class=\"wp-block-column is-vertically-aligned-center first is-layout-flow wp-block-column-is-layout-flow\">\n<figure class=\"wp-block-image size-full\"><img decoding=\"async\" width=\"901\" height=\"780\" src=\"https:\/\/www.camping-la-prairie.fr\/wp-content\/uploads\/2025\/03\/faire-du-velo-en-famille-dans-le-var.jpg\" alt=\"Radfahren mit der Familie im Var\" class=\"wp-image-1488\" srcset=\"https:\/\/www.camping-la-prairie.fr\/wp-content\/uploads\/2025\/03\/faire-du-velo-en-famille-dans-le-var.jpg 901w, https:\/\/www.camping-la-prairie.fr\/wp-content\/uploads\/2025\/03\/faire-du-velo-en-famille-dans-le-var-300x260.jpg 300w, https:\/\/www.camping-la-prairie.fr\/wp-content\/uploads\/2025\/03\/faire-du-velo-en-famille-dans-le-var-768x665.jpg 768w\" sizes=\"(max-width: 901px) 100vw, 901px\" \/><\/figure>\n<\/div>\n\n\n\n<div class=\"wp-block-column is-vertically-aligned-center second is-layout-flow wp-block-column-is-layout-flow\"><h2 class=\"wp-block-heading\" id=\"aktivitaeten-um-diese-zu-geniessen\"><strong>Aktivit\u00e4ten<\/strong> <br>, um diese zu genie\u00dfen<\/h2>\n\n\n<p>Neben dem Meer bietet die Region auch <strong>zahlreiche Aktivit\u00e4ten an Land<\/strong>, wie <strong>Radfahren<\/strong>,<strong>Reiten<\/strong> und sogar <strong>Golfpl\u00e4tze<\/strong>. F\u00fcr <strong>Kletterer<\/strong> gibt es <strong>Kletterspots<\/strong>, die bei Einheimischen und Besuchern gleicherma\u00dfen beliebt sind.   <\/p>\n\n\n\n<p>Und warum testen Sie nicht den <strong>Abenteuerparcours<\/strong> speziell f\u00fcr <strong>Kinder<\/strong> im <a href=\"https:\/\/frejus.fr\/activite\/parc-julii-2\/\" target=\"_blank\" rel=\"noreferrer noopener nofollow\">Julii Aventures Park in Fr\u00e9jus<\/a>? Oder der <a href=\"https:\/\/www.oxygeneevasion.fr\/\" target=\"_blank\" rel=\"noreferrer noopener nofollow\">Abenteuerpark Oxyg\u00e8ne \u00c9vasion<\/a>, nur 10 km von Saint-Rapha\u00ebl entfernt, ideal f\u00fcr einen<strong> Tag mit der Familie <\/strong>, mit mehr als 125 Spielen in den B\u00e4umen, einem Riesentrampolin, einem Labyrinth&#8230;, und nicht zu vergessen der Entspannungsbereich mit Snacks f\u00fcr die Mittagspause! <\/p>\n<\/div>\n<\/div>\n<\/section>\n\n<section class=\"wp-block-group page-fifth is-layout-flow wp-block-group-is-layout-flow\" style=\"padding-top:4rem;padding-bottom:4rem\"><h2 class=\"wp-block-heading has-text-align-center\" id=\"campingplatz-20-min-entfernt-von-frejus-saint-raphael\"><strong>Campingplatz 20 Min.<\/strong> entfernt <br>von Fr\u00e9jus-Saint-Rapha\u00ebl<\/h2>\n\n\n<div style=\"height:2rem\" aria-hidden=\"true\" class=\"wp-block-spacer gt-hide-mobile\"><\/div>\n\n\n\n<div class=\"wp-block-group has-global-padding is-layout-constrained wp-container-core-group-is-layout-4383d167 wp-block-group-is-layout-constrained\">\n<p class=\"has-text-align-center\">Un des avantages majeurs de choisir notre <a href=\"https:\/\/www.camping-la-prairie.fr\/\" data-type=\"page\" data-id=\"5\">camping La Prairie au Muy<\/a> est sa <strong>proximit\u00e9 avec Fr\u00e9jus-Saint-Rapha\u00ebl<\/strong>. Situ\u00e9 \u00e0 seulement <strong>vingt minutes en voiture<\/strong> des principales attractions, le camping offre un <strong>compromis parfait<\/strong> entre tranquillit\u00e9 et acc\u00e8s facile \u00e0 toutes les visites et activit\u00e9s phares de cette c\u00e9l\u00e8bre station baln\u00e9aire de la C\u00f4te d\u2019Azur.<\/p>\n\n\n\n<p class=\"has-text-align-center\">Eine Gelegenheit, nach einem anstrengenden Tag in eine Oase der Ruhe zur\u00fcckzukehren!<\/p>\n<\/div>\n\n\n\n<div class=\"wp-block-cover is-light gt-cover-parallax-up\" style=\"min-height:70vh;aspect-ratio:unset;\"><span aria-hidden=\"true\" class=\"wp-block-cover__background has-background-dim-0 has-background-dim\"><\/span><img decoding=\"async\" width=\"2000\" height=\"648\" class=\"wp-block-cover__image-background wp-image-1493\" alt=\"reserver des vacances a frejus\" src=\"https:\/\/www.camping-la-prairie.fr\/wp-content\/uploads\/2025\/03\/reserver-des-vacances-a-frejus.jpg\" data-object-fit=\"cover\" srcset=\"https:\/\/www.camping-la-prairie.fr\/wp-content\/uploads\/2025\/03\/reserver-des-vacances-a-frejus.jpg 2000w, https:\/\/www.camping-la-prairie.fr\/wp-content\/uploads\/2025\/03\/reserver-des-vacances-a-frejus-300x97.jpg 300w, https:\/\/www.camping-la-prairie.fr\/wp-content\/uploads\/2025\/03\/reserver-des-vacances-a-frejus-1024x332.jpg 1024w, https:\/\/www.camping-la-prairie.fr\/wp-content\/uploads\/2025\/03\/reserver-des-vacances-a-frejus-768x249.jpg 768w, https:\/\/www.camping-la-prairie.fr\/wp-content\/uploads\/2025\/03\/reserver-des-vacances-a-frejus-1536x498.jpg 1536w\" sizes=\"(max-width: 2000px) 100vw, 2000px\" \/><div class=\"wp-block-cover__inner-container is-layout-flow wp-block-cover-is-layout-flow\">\n<p class=\"has-text-align-center has-large-font-size\"><\/p>\n<\/div><\/div>\n<\/section>\n\n<section class=\"wp-block-group page-maillage is-layout-flow wp-block-group-is-layout-flow\" style=\"padding-top:4rem;padding-right:4rem;padding-bottom:7rem;padding-left:4rem\">\n<p class=\"has-text-align-center has-accent-2-color has-text-color has-link-color wp-elements-0641c24c866591830003dd32b96e3e78\" style=\"font-size:clamp(1.551rem, 1.551rem + ((1vw - 0.2rem) * 1.748), 2.6rem);line-height:1.4;text-transform:uppercase\"><strong>Entdecken<\/strong> Sie <br\/>Die Schluchten des Verdon, St. Tropez und St. Maxime<\/p>\n\n\n\n<div style=\"height:2rem\" aria-hidden=\"true\" class=\"wp-block-spacer gt-hide-mobile\"><\/div>\n\n\n\n<div data-wp-context=\"{}\" data-wp-interactive=\"core\/query\" data-wp-key=\"0\" data-wp-router-region=\"query-0\" class=\"wp-block-query alignwide gt-fse-maillage-query is-layout-flow wp-block-query-is-layout-flow\"><ul class=\"columns-3 gt-fse-cta wp-block-post-template is-layout-grid wp-container-core-post-template-is-layout-6d3fbd8f wp-block-post-template-is-layout-grid\"><li data-wp-key=\"post-template-item-2660\" class=\"wp-block-post post-2660 page type-page status-publish has-post-thumbnail hentry\">\n\n<div class=\"wp-block-group has-cta is-layout-flow wp-block-group-is-layout-flow\">\n<figure class=\"wp-block-image gt-fse-cta__image custom-srcset page\"><img decoding=\"async\" src=\"https:\/\/www.camping-la-prairie.fr\/wp-content\/uploads\/2025\/03\/gorges-du-verdon.jpg\" alt=\"Gorges du Verdon\"\/><\/figure>\n\n\n\n<p class=\"gt-fse-cta__title has-accent-5-color has-text-color has-link-color wp-elements-9e46dfb13e9204ef3273f9df79e72862\" style=\"font-size:clamp(1.135rem, 1.135rem + ((1vw - 0.2rem) * 1.075), 1.78rem);font-style:normal;font-weight:700;text-transform:uppercase\">Gorges du Verdon<\/p>\n\n\n<a class=\"is-style-lien-cover wp-block-read-more\" href=\"https:\/\/www.camping-la-prairie.fr\/de\/tourisme-var\/tourisme-gorges-du-verdon\/\" target=\"_self\">Weiterlesen<span class=\"screen-reader-text\">: Gorges du Verdon<\/span><\/a><\/div>\n\n<\/li><li data-wp-key=\"post-template-item-2704\" class=\"wp-block-post post-2704 page type-page status-publish has-post-thumbnail hentry\">\n\n<div class=\"wp-block-group has-cta is-layout-flow wp-block-group-is-layout-flow\">\n<figure class=\"wp-block-image gt-fse-cta__image custom-srcset page\"><img decoding=\"async\" src=\"https:\/\/www.camping-la-prairie.fr\/wp-content\/uploads\/2025\/03\/location-de-vamping-a-saint-tropez.jpg\" alt=\"Saint-Tropez\"\/><\/figure>\n\n\n\n<p class=\"gt-fse-cta__title has-accent-5-color has-text-color has-link-color wp-elements-9e46dfb13e9204ef3273f9df79e72862\" style=\"font-size:clamp(1.135rem, 1.135rem + ((1vw - 0.2rem) * 1.075), 1.78rem);font-style:normal;font-weight:700;text-transform:uppercase\">Saint-Tropez<\/p>\n\n\n<a class=\"is-style-lien-cover wp-block-read-more\" href=\"https:\/\/www.camping-la-prairie.fr\/de\/tourisme-var\/camping-saint-tropez\/\" target=\"_self\">Weiterlesen<span class=\"screen-reader-text\">: Saint-Tropez<\/span><\/a><\/div>\n\n<\/li><li data-wp-key=\"post-template-item-2630\" class=\"wp-block-post post-2630 page type-page status-publish has-post-thumbnail hentry\">\n\n<div class=\"wp-block-group has-cta is-layout-flow wp-block-group-is-layout-flow\">\n<figure class=\"wp-block-image gt-fse-cta__image custom-srcset page\"><img decoding=\"async\" src=\"https:\/\/www.camping-la-prairie.fr\/wp-content\/uploads\/2025\/03\/vacances-a-sainte-maxime-en-provence.jpg\" alt=\"Sainte-Maxime\"\/><\/figure>\n\n\n\n<p class=\"gt-fse-cta__title has-accent-5-color has-text-color has-link-color wp-elements-9e46dfb13e9204ef3273f9df79e72862\" style=\"font-size:clamp(1.135rem, 1.135rem + ((1vw - 0.2rem) * 1.075), 1.78rem);font-style:normal;font-weight:700;text-transform:uppercase\">Sainte-Maxime<\/p>\n\n\n<a class=\"is-style-lien-cover wp-block-read-more\" href=\"https:\/\/www.camping-la-prairie.fr\/de\/tourisme-var\/tourisme-sainte-maxime\/\" target=\"_self\">Weiterlesen<span class=\"screen-reader-text\">: Sainte-Maxime<\/span><\/a><\/div>\n\n<\/li><\/ul><\/div>\n<\/section>\n","protected":false},"excerpt":{"rendered":"<p>Fr\u00e9jus-Saint-Rapha\u00ebl: ein Muss in unmittelbarer N\u00e4he des Campingplatzes Fr\u00e9jus und Saint-Rapha\u00ebl, nur 20 Minuten vom Campingplatz entfernt, sind zwei wundersch\u00f6ne St\u00e4dte im Departement Var und ein beliebtes Reiseziel f\u00fcr alle, die Natur, Farniente und kulturelle Aktivit\u00e4ten kombinieren m\u00f6chten. Spaziergang und Faulenzen an den Str\u00e4nden von Fr\u00e9jus Fr\u00e9jus, ein bekannter Badeort im Departement Var, hat mit [&hellip;]<\/p>\n","protected":false},"author":1,"featured_media":2701,"parent":2587,"menu_order":0,"comment_status":"closed","ping_status":"closed","template":"","meta":{"_seopress_robots_primary_cat":"","_seopress_titles_title":"Camping in der N\u00e4he von Fr\u00e9jus-Saint-Rapha\u00ebl","_seopress_titles_desc":"Campingplatz 20 Minuten von Fr\u00e9jus-Saint-Rapha\u00ebl entfernt, um die Region Var zu genie\u00dfen, von Str\u00e4nden \u00fcber Besichtigungen bis hin zu Aktivit\u00e4ten im Freien und der Entdeckung des Esterel.","_seopress_robots_index":"","_gt_ctv_global_id":"","_gt_ctv_id_group":false,"inline_featured_image":false,"gt_fse_maillage_image":"https:\/\/www.camping-la-prairie.fr\/wp-content\/uploads\/2025\/03\/vacances-en-camping-pas-cheres-a-frejus.jpg","gt_fse_maillage_titre":"Fr\u00e9jus \/ Saint-Rapha\u00ebl","gt_fse_maillage_alt":"Fr\u00e9jus \/ Saint-Rapha\u00ebl","gt_fse_maillage_resume":"","footnotes":""},"categories":[],"tags":[],"class_list":["post-2685","page","type-page","status-publish","has-post-thumbnail","hentry"],"_links":{"self":[{"href":"https:\/\/www.camping-la-prairie.fr\/de\/wp-json\/wp\/v2\/pages\/2685","targetHints":{"allow":["GET"]}}],"collection":[{"href":"https:\/\/www.camping-la-prairie.fr\/de\/wp-json\/wp\/v2\/pages"}],"about":[{"href":"https:\/\/www.camping-la-prairie.fr\/de\/wp-json\/wp\/v2\/types\/page"}],"author":[{"embeddable":true,"href":"https:\/\/www.camping-la-prairie.fr\/de\/wp-json\/wp\/v2\/users\/1"}],"replies":[{"embeddable":true,"href":"https:\/\/www.camping-la-prairie.fr\/de\/wp-json\/wp\/v2\/comments?post=2685"}],"version-history":[{"count":1,"href":"https:\/\/www.camping-la-prairie.fr\/de\/wp-json\/wp\/v2\/pages\/2685\/revisions"}],"predecessor-version":[{"id":2703,"href":"https:\/\/www.camping-la-prairie.fr\/de\/wp-json\/wp\/v2\/pages\/2685\/revisions\/2703"}],"up":[{"embeddable":true,"href":"https:\/\/www.camping-la-prairie.fr\/de\/wp-json\/wp\/v2\/pages\/2587"}],"wp:featuredmedia":[{"embeddable":true,"href":"https:\/\/www.camping-la-prairie.fr\/de\/wp-json\/wp\/v2\/media\/2701"}],"wp:attachment":[{"href":"https:\/\/www.camping-la-prairie.fr\/de\/wp-json\/wp\/v2\/media?parent=2685"}],"wp:term":[{"taxonomy":"category","embeddable":true,"href":"https:\/\/www.camping-la-prairie.fr\/de\/wp-json\/wp\/v2\/categories?post=2685"},{"taxonomy":"post_tag","embeddable":true,"href":"https:\/\/www.camping-la-prairie.fr\/de\/wp-json\/wp\/v2\/tags?post=2685"}],"curies":[{"name":"wp","href":"https:\/\/api.w.org\/{rel}","templated":true}]}}