{"id":2671,"date":"2025-01-29T08:50:20","date_gmt":"2025-01-29T08:50:20","guid":{"rendered":"https:\/\/www.camping-la-prairie.fr\/camping-pas-cher-le-muy\/"},"modified":"2026-03-26T09:43:24","modified_gmt":"2026-03-26T09:43:24","slug":"camping-pas-cher-le-muy","status":"publish","type":"page","link":"https:\/\/www.camping-la-prairie.fr\/de\/camping-pas-cher-le-muy\/","title":{"rendered":"Preise \/ Angebote"},"content":{"rendered":"\n<section class=\"wp-block-group page-first traits-bas is-layout-flow wp-block-group-is-layout-flow\" style=\"padding-top:7rem;padding-bottom:7rem\">\n<div class=\"wp-block-columns are-vertically-aligned-center is-layout-flex wp-container-core-columns-is-layout-86160fd2 wp-block-columns-is-layout-flex\" style=\"padding-right:7rem;padding-left:7rem\">\n<div class=\"wp-block-column is-vertically-aligned-center first is-layout-flow wp-block-column-is-layout-flow\" style=\"flex-basis:40%\">\n<figure class=\"wp-block-image size-full\"><img decoding=\"async\" width=\"682\" height=\"591\" src=\"https:\/\/www.camping-la-prairie.fr\/wp-content\/uploads\/2025\/03\/un-camping-au-meilleur-prix-au-muy.jpg\" alt=\"ein Campingplatz zum besten Preis in Le Muy\" class=\"wp-image-2008\" srcset=\"https:\/\/www.camping-la-prairie.fr\/wp-content\/uploads\/2025\/03\/un-camping-au-meilleur-prix-au-muy.jpg 682w, https:\/\/www.camping-la-prairie.fr\/wp-content\/uploads\/2025\/03\/un-camping-au-meilleur-prix-au-muy-300x260.jpg 300w\" sizes=\"(max-width: 682px) 100vw, 682px\" \/><\/figure>\n<\/div>\n\n\n\n<div class=\"wp-block-column is-vertically-aligned-center second is-layout-flow wp-block-column-is-layout-flow\" style=\"flex-basis:60%\"><h1 class=\"wp-block-heading has-accent-color has-text-color has-link-color wp-elements-3127210d98786ace490383b69f4d57cd\" id=\"ein-campingplatz-zum-besten-preis-in-le-muy\">Ein Campingplatz <br><strong>zum besten Preis in Le Muy<\/strong><\/h1>\n\n\n<div style=\"height:2rem\" aria-hidden=\"true\" class=\"wp-block-spacer gt-hide-mobile\"><\/div>\n\n\n\n<p><strong>Nachrichten<\/strong>, <strong>Angebote<\/strong>, <strong>gute Pl\u00e4ne<\/strong>? Hier geht&#8217;s lang! Diese Seite h\u00e4lt Sie \u00fcber alle Neuigkeiten auf Ihrem Campingplatz La Prairie in Le Muy auf dem Laufenden. Bleiben Sie also auf dem Laufenden und erfahren Sie alles aus erster Hand!   <\/p>\n\n\n\n<p>Sind Sie auf der Suche nach einem <strong>unvergesslichen Urlaub in S\u00fcdfrankreich <\/strong>, ohne Ihr Geld zu verlieren? Entscheiden Sie sich f\u00fcr einen g\u00fcnstigen Campingplatz in Le Muy und genie\u00dfen Sie Ihren Urlaub im Herzen des <strong>wundersch\u00f6nen Departements Var<\/strong> in vollen Z\u00fcgen. Mit seiner <strong>freundlichen und famili\u00e4ren <\/strong> <strong>Atmosph\u00e4re und<\/strong> seiner <strong>warmen und authentischen<\/strong> Stimmung bietet der <a href=\"https:\/\/www.camping-la-prairie.fr\/de\/\">Campingplatz La Prairie in Le Muy<\/a> <strong>attraktive Angebote<\/strong> voller<strong>Vorteile f\u00fcr jedes Budget<\/strong>.  <\/p>\n<\/div>\n<\/div>\n<\/section>\n\n\n\n<section class=\"wp-block-group page-third is-layout-flow wp-block-group-is-layout-flow\"><h2 class=\"wp-block-heading has-text-align-center\" id=\"fruehbucherangebote\">Fr\u00fchbucherangebote<\/h2>\n\n\n<p class=\"has-text-align-center\">Buchen Sie vor dem <strong>30. April 2026<\/strong> und erhalten Sie bis zu <strong>45% Rabatt*<\/strong> f\u00fcr einen Aufenthalt von 10 N\u00e4chten.<br>Das Angebot ist auf die n\u00e4chsten 20 Mobilheim-Buchungen beschr\u00e4nkt.<\/p>\n\n\n\n<div class=\"wp-block-columns is-layout-flex wp-container-core-columns-is-layout-cad298ab wp-block-columns-is-layout-flex\" style=\"padding-right:var(--wp--preset--spacing--60);padding-left:var(--wp--preset--spacing--60)\">\n<div class=\"wp-block-column is-layout-flow wp-block-column-is-layout-flow\">\n<ul class=\"wp-block-list\">\n<li><strong>Aufenthalt vom 22. Juni bis 11. Juli 2026 oder vom 25. Juli bis 01. August 2026 :<\/strong>\n<ul class=\"wp-block-list\">\n<li>&#8211;<strong>45% Rabatt<\/strong> auf die Modelle MISSOURI und KENTUCKY<\/li>\n\n\n\n<li><strong>-40%<\/strong> auf die Modelle ARKANSAS, SAFARI und ONTARIO<\/li>\n\n\n\n<li>&#8211;<strong>35% Rabatt<\/strong> auf die Modelle TEXAS<br><br><\/li>\n<\/ul>\n<\/li>\n<\/ul>\n<\/div>\n\n\n\n<div class=\"wp-block-column is-layout-flow wp-block-column-is-layout-flow\">\n<ul class=\"wp-block-list\">\n<li><strong>Aufenthalt vom 12. Juli bis 18. Juli 2026 :<\/strong>\n<ul class=\"wp-block-list\">\n<li><strong>-40%<\/strong> auf die Modelle MISSOURI und KENTUCKY<\/li>\n\n\n\n<li>&#8211;<strong>35 % Rabatt<\/strong> auf die Modelle ARKANSAS, SAFARI und ONTARIO<\/li>\n\n\n\n<li>&#8211;<strong>30% Rabatt<\/strong> auf die Modelle TEXAS<br><br><\/li>\n<\/ul>\n<\/li>\n<\/ul>\n<\/div>\n\n\n\n<div class=\"wp-block-column is-layout-flow wp-block-column-is-layout-flow\">\n<ul class=\"wp-block-list\">\n<li><strong>Aufenthalt vom 19. Juli bis 24. Juli 2026 :<\/strong>\n<ul class=\"wp-block-list\">\n<li><strong>-35%<\/strong> auf die Modelle MISSOURI und KENTUCKY<\/li>\n\n\n\n<li>&#8211;<strong>30% Rabatt<\/strong> auf die Modelle ARKANSAS, SAFARI und ONTARIO<\/li>\n\n\n\n<li><strong>-25%<\/strong> auf die Modelle TEXAS<\/li>\n<\/ul>\n<\/li>\n<\/ul>\n<\/div>\n<\/div>\n\n\n\n<div class=\"wp-block-group is-layout-flow wp-block-group-is-layout-flow\" style=\"padding-right:var(--wp--preset--spacing--60);padding-left:var(--wp--preset--spacing--60)\">\n<p>*Bedingungen: Das Angebot gilt vom 26. M\u00e4rs 2026 bis zum 30. April 2026 f\u00fcr feste Buchungen eines Mobilheimaufenthalts von mindestens 10 N\u00e4chten, die nicht storniert werden k\u00f6nnen. Ohne Zuschl\u00e4ge, Steuern und Geb\u00fchren. Das Angebot ist nicht kumulierbar.<\/p>\n<\/div>\n<\/section>\n\n\n\n<section class=\"wp-block-group page-second is-layout-flow wp-block-group-is-layout-flow\" style=\"padding-top:7rem;padding-bottom:4rem\">\n<div class=\"wp-block-group gt-no-padding-mobile is-layout-flow wp-block-group-is-layout-flow\" style=\"padding-right:20rem;padding-left:20rem\"><div class=\"wp-block-gt-gt-fse-widgets-ctv\" data-wp-interactive=\"gt\/ctv\/widgets\">\n\n                        <ctv-availability data-background-color=\"#FFFFFFFF\" data-month=\"07\"><\/ctv-availability>\n        \n    <\/div>\n<\/div>\n\n\n\n<div class=\"wp-block-columns are-vertically-aligned-center is-layout-flex wp-container-core-columns-is-layout-39c19385 wp-block-columns-is-layout-flex\" style=\"padding-right:7rem;padding-left:7rem\">\n<div class=\"wp-block-column is-vertically-aligned-center first is-layout-flow wp-block-column-is-layout-flow\"><h2 class=\"wp-block-heading\" id=\"ihre-unterkunft-erwartet-sie-in-var\"><strong>Ihre Unterkunft<\/strong> erwartet Sie <br>in Var<\/h2>\n\n\n<div style=\"height:2rem\" aria-hidden=\"true\" class=\"wp-block-spacer gt-hide-mobile\"><\/div>\n\n\n\n<p>Um den Bed\u00fcrfnissen eines jeden Urlaubers gerecht zu werden, bietet der Campingplatz La Prairie eine <strong>gro\u00dfe Auswahl an Ferienunterk\u00fcnften<\/strong>, darunter <strong>komfortable und klimatisierte Mobilheime<\/strong> <a href=\"https:\/\/www.camping-la-prairie.fr\/de\/location-emplacement-le-muy\/\">und ger\u00e4umige Stellpl\u00e4tze f\u00fcr Zelte, Wohnwagen und Wohnmobile im Departement Var.<\/a> Hier k\u00f6nnen Sie zu einem g\u00fcnstigen Preis \u00fcbernachten, w\u00e4hrend Sie von den modernsten und gepflegten Einrichtungen profitieren. <\/p>\n\n\n\n<p>Die <a href=\"https:\/\/www.camping-la-prairie.fr\/de\/location-mobil-home-le-muy\/\">Mobilheime, die in Le Muy vermietet<\/a> werden, sind <strong>modern und<\/strong> mit allem ausgestattet, was Sie f\u00fcr einen angenehmen Aufenthalt ben\u00f6tigen: voll ausgestattete K\u00fcche, eigenes Badezimmer, m\u00f6blierte Terrasse&#8230;. F\u00fchlen Sie sich <strong>wie zu Hause<\/strong> und genie\u00dfen Sie die einzigartige Atmosph\u00e4re des Campingplatzes. Die Stellpl\u00e4tze bieten allen Komfort mit <strong>Stromanschluss<\/strong> und N\u00e4he zu den Annehmlichkeiten des Ortes.  <\/p>\n<\/div>\n\n\n\n<div class=\"wp-block-column is-vertically-aligned-center second is-layout-flow wp-block-column-is-layout-flow\">\n<figure class=\"wp-block-image size-full\"><img decoding=\"async\" width=\"901\" height=\"780\" src=\"https:\/\/www.camping-la-prairie.fr\/wp-content\/uploads\/2025\/03\/votre-hebergement-pas-cher-vous-attend-dans-le-var.jpg\" alt=\"Ihre g\u00fcnstige Unterkunft erwartet Sie im Var.\" class=\"wp-image-2010\" srcset=\"https:\/\/www.camping-la-prairie.fr\/wp-content\/uploads\/2025\/03\/votre-hebergement-pas-cher-vous-attend-dans-le-var.jpg 901w, https:\/\/www.camping-la-prairie.fr\/wp-content\/uploads\/2025\/03\/votre-hebergement-pas-cher-vous-attend-dans-le-var-300x260.jpg 300w, https:\/\/www.camping-la-prairie.fr\/wp-content\/uploads\/2025\/03\/votre-hebergement-pas-cher-vous-attend-dans-le-var-768x665.jpg 768w\" sizes=\"(max-width: 901px) 100vw, 901px\" \/><\/figure>\n<\/div>\n<\/div>\n<\/section>\n\n\n\n<section class=\"wp-block-group page-sixth is-layout-flow wp-block-group-is-layout-flow\" style=\"padding-top:4rem;padding-bottom:7rem\">\n<div class=\"wp-block-columns are-vertically-aligned-center is-layout-flex wp-container-core-columns-is-layout-4c6c70db wp-block-columns-is-layout-flex\" style=\"padding-right:7rem;padding-left:12rem\">\n<div class=\"wp-block-column is-vertically-aligned-center first is-layout-flow wp-block-column-is-layout-flow\"><h2 class=\"wp-block-heading has-text-align-left\" id=\"campingplatz-mit-sonderangeboten-und-fruehbucherangeboten\"><strong>Campingplatz mit Sonderangeboten<\/strong> und Fr\u00fchbucherangeboten<\/h2><\/div>\n\n\n\n<div class=\"wp-block-column is-vertically-aligned-center second is-layout-flow wp-block-column-is-layout-flow\" style=\"padding-top:4rem;padding-left:10rem\">\n<p class=\"has-text-align-left\">M\u00f6chten Sie <strong>noch mehr Geld sparen<\/strong>? Unser Campingplatz im Departement Var bietet regelm\u00e4\u00dfig <strong>Sonderangebote <\/strong>zu bestimmten Jahreszeiten an. Der Tipp, um nichts zu verpassen: Buchen Sie fr\u00fchzeitig mit den <strong>Fr\u00fchbucherangeboten<\/strong>. So k\u00f6nnen Sie von <strong>unschlagbaren Vorzugspreisen<\/strong> profitieren.     <\/p>\n\n\n\n<p class=\"has-text-align-left\">Um die <strong>Bezahlbarkeit<\/strong> f\u00fcr alle zu erleichtern, k\u00f6nnen Sie <strong>mit Floa<\/strong>, der Online-Bank des Campingplatzes, <strong>in vier Raten bezahlen<\/strong>. Diese <strong>flexible<\/strong> Zahlungsweise erm\u00f6glicht es Ihnen, die Kosten zu verteilen und<strong>Ihren Urlaub<\/strong> ohne finanziellen Stress zu genie\u00dfen. <\/p>\n<\/div>\n<\/div>\n\n\n\n<div class=\"wp-block-group has-global-padding is-layout-constrained wp-block-group-is-layout-constrained\">\n<div class=\"wp-block-cover alignwide\" style=\"min-height:70vh;aspect-ratio:unset;\"><img decoding=\"async\" width=\"1280\" height=\"633\" class=\"wp-block-cover__image-background wp-image-2012\" alt=\"camping avec promotions et offres early booking\" src=\"https:\/\/www.camping-la-prairie.fr\/wp-content\/uploads\/2025\/03\/camping-avec-promotions-et-offres-early-booking.jpg\" data-object-fit=\"cover\" srcset=\"https:\/\/www.camping-la-prairie.fr\/wp-content\/uploads\/2025\/03\/camping-avec-promotions-et-offres-early-booking.jpg 1280w, https:\/\/www.camping-la-prairie.fr\/wp-content\/uploads\/2025\/03\/camping-avec-promotions-et-offres-early-booking-300x148.jpg 300w, https:\/\/www.camping-la-prairie.fr\/wp-content\/uploads\/2025\/03\/camping-avec-promotions-et-offres-early-booking-1024x506.jpg 1024w, https:\/\/www.camping-la-prairie.fr\/wp-content\/uploads\/2025\/03\/camping-avec-promotions-et-offres-early-booking-768x380.jpg 768w\" sizes=\"(max-width: 1280px) 100vw, 1280px\" \/><span aria-hidden=\"true\" class=\"wp-block-cover__background has-background-dim-10 has-background-dim\"><\/span><div class=\"wp-block-cover__inner-container is-layout-flow wp-block-cover-is-layout-flow\">\n<p class=\"has-text-align-center has-large-font-size\"><\/p>\n<\/div><\/div>\n<\/div>\n<\/section>\n\n\n\n<section class=\"wp-block-group page-fourth is-layout-flow wp-block-group-is-layout-flow\" style=\"padding-top:4rem;padding-bottom:4rem\">\n<div class=\"wp-block-columns are-vertically-aligned-center is-layout-flex wp-container-core-columns-is-layout-64c91fef wp-block-columns-is-layout-flex\" style=\"padding-right:4rem;padding-left:4rem\">\n<div class=\"wp-block-column is-vertically-aligned-center first is-layout-flow wp-block-column-is-layout-flow\">\n<figure class=\"wp-block-image size-full\"><img decoding=\"async\" width=\"901\" height=\"780\" src=\"https:\/\/www.camping-la-prairie.fr\/wp-content\/uploads\/2025\/03\/reservez-en-direct-et-profitez-du-meilleur-rapport-qualite-prix.jpg\" alt=\"Buchen Sie direkt und nutzen Sie das beste Preis-Leistungs-Verh\u00e4ltnis.\" class=\"wp-image-2014\" srcset=\"https:\/\/www.camping-la-prairie.fr\/wp-content\/uploads\/2025\/03\/reservez-en-direct-et-profitez-du-meilleur-rapport-qualite-prix.jpg 901w, https:\/\/www.camping-la-prairie.fr\/wp-content\/uploads\/2025\/03\/reservez-en-direct-et-profitez-du-meilleur-rapport-qualite-prix-300x260.jpg 300w, https:\/\/www.camping-la-prairie.fr\/wp-content\/uploads\/2025\/03\/reservez-en-direct-et-profitez-du-meilleur-rapport-qualite-prix-768x665.jpg 768w\" sizes=\"(max-width: 901px) 100vw, 901px\" \/><\/figure>\n<\/div>\n\n\n\n<div class=\"wp-block-column is-vertically-aligned-center second is-layout-flow wp-block-column-is-layout-flow\"><h2 class=\"wp-block-heading\" id=\"buchen-sie-direkt-und-geniessen-sie-das-beste-preis-leistungs-verhaeltnis\"><strong>Buchen Sie direkt<\/strong> <br>und genie\u00dfen Sie das beste <br>Preis-Leistungs-Verh\u00e4ltnis.<\/h2>\n\n\n<div style=\"height:2rem\" aria-hidden=\"true\" class=\"wp-block-spacer gt-hide-mobile\"><\/div>\n\n\n\n<p>Eine <strong>direkte Buchung<\/strong> \u00fcber die Website des Campingplatzes hat <strong>viele Vorteile<\/strong>. Wenn Sie direkt buchen, profitieren Sie nicht nur von den besten Preisen, sondern auch von einem <strong>pers\u00f6nlichen und reaktiven Kundenservice<\/strong>. Es gibt keine teuren Zwischenh\u00e4ndler und keine b\u00f6sen \u00dcberraschungen mehr; alles ist <strong>transparent und vorteilhaft<\/strong> f\u00fcr die Urlauber.  <\/p>\n\n\n\n<p>Ein weiterer Vorteil ist, dass Sie Zugang zu <strong>exklusiven Informationen <\/strong>und <strong>wertvollen Ratschl\u00e4gen <\/strong>haben, um <strong>Ihren Aufenthalt <\/strong>unter den besten Bedingungen <strong>vorzubereiten <\/strong>. Die Mitarbeiter des Campingplatzes stehen Ihnen bei allen Fragen und W\u00fcnschen zur Verf\u00fcgung und garantieren Ihnen einen pers\u00f6nlichen und herzlichen Empfang bei Ihrer Ankunft. <\/p>\n<\/div>\n<\/div>\n<\/section>\n\n\n\n<section class=\"wp-block-group page-maillage is-layout-flow wp-block-group-is-layout-flow\" style=\"padding-top:4rem;padding-right:4rem;padding-bottom:7rem;padding-left:4rem\">\n<p class=\"has-text-align-center has-accent-2-color has-text-color has-link-color wp-elements-0e1c73ca94708fcea63a42f2eb0a9069\" style=\"font-size:clamp(1.551rem, 1.551rem + ((1vw - 0.2rem) * 1.748), 2.6rem);line-height:1.4;text-transform:uppercase\"><strong>Entdecken Sie<br><\/strong>Unsere Unterk\u00fcnfte, unsere Stellpl\u00e4tze<br>und unseren Wasserpark<\/p>\n\n\n\n<div style=\"height:2rem\" aria-hidden=\"true\" class=\"wp-block-spacer gt-hide-mobile\"><\/div>\n\n\n\n<div data-wp-context=\"{}\" data-wp-interactive=\"core\/query\" data-wp-key=\"0\" data-wp-router-region=\"query-0\" class=\"wp-block-query alignwide gt-fse-maillage-query is-layout-flow wp-block-query-is-layout-flow\"><ul class=\"columns-3 gt-fse-cta wp-block-post-template is-layout-grid wp-container-core-post-template-is-layout-6d3fbd8f wp-block-post-template-is-layout-grid\"><li data-wp-key=\"post-template-item-2641\" class=\"wp-block-post post-2641 page type-page status-publish has-post-thumbnail hentry\">\n\n<div class=\"wp-block-group has-cta is-layout-flow wp-block-group-is-layout-flow\">\n<figure class=\"wp-block-image gt-fse-cta__image custom-srcset page\"><img decoding=\"async\" src=\"http:\/\/www.camping-la-prairie.fr\/wp-content\/uploads\/2025\/02\/camping-tikayan-la-prairie-avec-piscine.jpg\" alt=\"campingplatz tikayan la prairie mit schwimmbad\"\/><\/figure>\n\n\n\n<p class=\"gt-fse-cta__title has-accent-5-color has-text-color has-link-color wp-elements-9e46dfb13e9204ef3273f9df79e72862\" style=\"font-size:clamp(1.135rem, 1.135rem + ((1vw - 0.2rem) * 1.075), 1.78rem);font-style:normal;font-weight:700;text-transform:uppercase\">Swimmingpool<\/p>\n\n\n<a class=\"is-style-lien-cover wp-block-read-more\" href=\"https:\/\/www.camping-la-prairie.fr\/de\/camping-parc-aquatique-chauffe-le-muy\/\" target=\"_self\">Weiterlesen<span class=\"screen-reader-text\">: Wasserpark<\/span><\/a><\/div>\n\n<\/li><li data-wp-key=\"post-template-item-2519\" class=\"wp-block-post post-2519 page type-page status-publish has-post-thumbnail hentry\">\n\n<div class=\"wp-block-group has-cta is-layout-flow wp-block-group-is-layout-flow\">\n<figure class=\"wp-block-image gt-fse-cta__image custom-srcset page\"><img decoding=\"async\" src=\"https:\/\/www.camping-la-prairie.fr\/wp-content\/uploads\/2025\/03\/emplacement-de-tente-pas-cher-au-muy.jpg\" alt=\"G\u00fcnstiger Zeltplatz in Le Muy\"\/><\/figure>\n\n\n\n<p class=\"gt-fse-cta__title has-accent-5-color has-text-color has-link-color wp-elements-9e46dfb13e9204ef3273f9df79e72862\" style=\"font-size:clamp(1.135rem, 1.135rem + ((1vw - 0.2rem) * 1.075), 1.78rem);font-style:normal;font-weight:700;text-transform:uppercase\">Standorte<\/p>\n\n\n<a class=\"is-style-lien-cover wp-block-read-more\" href=\"https:\/\/www.camping-la-prairie.fr\/de\/location-emplacement-le-muy\/\" target=\"_self\">Weiterlesen<span class=\"screen-reader-text\">: Unsere Standorte<\/span><\/a><\/div>\n\n<\/li><li data-wp-key=\"post-template-item-2719\" class=\"wp-block-post post-2719 page type-page status-publish has-post-thumbnail hentry\">\n\n<div class=\"wp-block-group has-cta is-layout-flow wp-block-group-is-layout-flow\">\n<figure class=\"wp-block-image gt-fse-cta__image custom-srcset page\"><img decoding=\"async\" src=\"https:\/\/www.camping-la-prairie.fr\/wp-content\/uploads\/2025\/12\/location-la-prairie.webp\" alt=\"Mietwohnungen\"\/><\/figure>\n\n\n\n<p class=\"gt-fse-cta__title has-accent-5-color has-text-color has-link-color wp-elements-9e46dfb13e9204ef3273f9df79e72862\" style=\"font-size:clamp(1.135rem, 1.135rem + ((1vw - 0.2rem) * 1.075), 1.78rem);font-style:normal;font-weight:700;text-transform:uppercase\">Mietwohnungen<\/p>\n\n\n<a class=\"is-style-lien-cover wp-block-read-more\" href=\"https:\/\/www.camping-la-prairie.fr\/de\/location-mobil-home-le-muy\/\" target=\"_self\">Weiterlesen<span class=\"screen-reader-text\">: Unsere Unterk\u00fcnfte<\/span><\/a><\/div>\n\n<\/li><\/ul><\/div>\n<\/section>\n","protected":false},"excerpt":{"rendered":"<p>Ein Campingplatz zum besten Preis in Le Muy Nachrichten, Angebote, gute Pl\u00e4ne? Hier geht&#8217;s lang! Diese Seite h\u00e4lt Sie \u00fcber alle Neuigkeiten auf Ihrem Campingplatz La Prairie in Le Muy auf dem Laufenden. Bleiben Sie also auf dem Laufenden und erfahren Sie alles aus erster Hand! Sind Sie auf der Suche nach einem unvergesslichen Urlaub [&hellip;]<\/p>\n","protected":false},"author":1,"featured_media":2673,"parent":0,"menu_order":0,"comment_status":"closed","ping_status":"closed","template":"","meta":{"_seopress_robots_primary_cat":"","_seopress_titles_title":"G\u00fcnstige Campingpl\u00e4tze im Departement Var | Fr\u00fchbucherangebote in Le Muy","_seopress_titles_desc":"Verbringen Sie Ihren Aufenthalt auf einem Campingplatz mit den besten Preisen in Le Muy im Departement Var: g\u00fcnstige Mobilheime, Fr\u00fchbucherangebote und Ratenzahlung mit Floa.","_seopress_robots_index":"","_gt_ctv_global_id":"4948","_gt_ctv_id_group":false,"inline_featured_image":false,"gt_fse_maillage_image":"https:\/\/www.camping-la-prairie.fr\/wp-content\/uploads\/2025\/12\/camping-pas-cher-au-muy.webp","gt_fse_maillage_titre":"Preise","gt_fse_maillage_alt":"g\u00fcnstiger campingplatz le muy","gt_fse_maillage_resume":"","footnotes":""},"categories":[],"tags":[],"class_list":["post-2671","page","type-page","status-publish","has-post-thumbnail","hentry"],"_links":{"self":[{"href":"https:\/\/www.camping-la-prairie.fr\/de\/wp-json\/wp\/v2\/pages\/2671","targetHints":{"allow":["GET"]}}],"collection":[{"href":"https:\/\/www.camping-la-prairie.fr\/de\/wp-json\/wp\/v2\/pages"}],"about":[{"href":"https:\/\/www.camping-la-prairie.fr\/de\/wp-json\/wp\/v2\/types\/page"}],"author":[{"embeddable":true,"href":"https:\/\/www.camping-la-prairie.fr\/de\/wp-json\/wp\/v2\/users\/1"}],"replies":[{"embeddable":true,"href":"https:\/\/www.camping-la-prairie.fr\/de\/wp-json\/wp\/v2\/comments?post=2671"}],"version-history":[{"count":4,"href":"https:\/\/www.camping-la-prairie.fr\/de\/wp-json\/wp\/v2\/pages\/2671\/revisions"}],"predecessor-version":[{"id":3655,"href":"https:\/\/www.camping-la-prairie.fr\/de\/wp-json\/wp\/v2\/pages\/2671\/revisions\/3655"}],"wp:featuredmedia":[{"embeddable":true,"href":"https:\/\/www.camping-la-prairie.fr\/de\/wp-json\/wp\/v2\/media\/2673"}],"wp:attachment":[{"href":"https:\/\/www.camping-la-prairie.fr\/de\/wp-json\/wp\/v2\/media?parent=2671"}],"wp:term":[{"taxonomy":"category","embeddable":true,"href":"https:\/\/www.camping-la-prairie.fr\/de\/wp-json\/wp\/v2\/categories?post=2671"},{"taxonomy":"post_tag","embeddable":true,"href":"https:\/\/www.camping-la-prairie.fr\/de\/wp-json\/wp\/v2\/tags?post=2671"}],"curies":[{"name":"wp","href":"https:\/\/api.w.org\/{rel}","templated":true}]}}