{"id":2605,"date":"2025-01-29T08:50:23","date_gmt":"2025-01-29T08:50:23","guid":{"rendered":"https:\/\/www.camping-la-prairie.fr\/tourisme-var\/activites-var\/"},"modified":"2025-06-26T14:45:48","modified_gmt":"2025-06-26T14:45:48","slug":"activites-var","status":"publish","type":"page","link":"https:\/\/www.camping-la-prairie.fr\/de\/tourisme-var\/activites-var\/","title":{"rendered":"Aktivit\u00e4ten rund um den Campingplatz"},"content":{"rendered":"\n<section class=\"wp-block-group page-first traits-bas is-layout-flow wp-block-group-is-layout-flow\" style=\"padding-top:7rem;padding-bottom:7rem\">\n<div class=\"wp-block-columns are-vertically-aligned-center is-layout-flex wp-container-core-columns-is-layout-86160fd2 wp-block-columns-is-layout-flex\" style=\"padding-right:7rem;padding-left:7rem\">\n<div class=\"wp-block-column is-vertically-aligned-center first is-layout-flow wp-block-column-is-layout-flow\" style=\"flex-basis:40%\">\n<figure class=\"wp-block-image size-full\"><img decoding=\"async\" width=\"682\" height=\"591\" src=\"https:\/\/www.camping-la-prairie.fr\/wp-content\/uploads\/2025\/03\/activites-a-faire-en-famille-dans-le-var.jpg\" alt=\"Aktivit&#xE4;ten f&#xFC;r die ganze Familie im Var\" class=\"wp-image-1597\" srcset=\"https:\/\/www.camping-la-prairie.fr\/wp-content\/uploads\/2025\/03\/activites-a-faire-en-famille-dans-le-var.jpg 682w, https:\/\/www.camping-la-prairie.fr\/wp-content\/uploads\/2025\/03\/activites-a-faire-en-famille-dans-le-var-300x260.jpg 300w\" sizes=\"(max-width: 682px) 100vw, 682px\" \/><\/figure>\n<\/div>\n\n\n\n<div class=\"wp-block-column is-vertically-aligned-center second is-layout-flow wp-block-column-is-layout-flow\" style=\"flex-basis:60%\"><h1 class=\"wp-block-heading has-accent-color has-text-color has-link-color wp-elements-84ac460390852c566622519612955e67\" id=\"top-aktivitaeten-in-var\"><strong>Top-Aktivit\u00e4ten<\/strong> <br>in Var<\/h1>\n\n\n<div style=\"height:2rem\" aria-hidden=\"true\" class=\"wp-block-spacer gt-hide-mobile\"><\/div>\n\n\n\n<p>Le d\u00e9partement du Var, c\u00e9l\u00e8bre pour ses <strong>paysages naturels sublimes<\/strong> et son <strong>climat m\u00e9diterran\u00e9en<\/strong>, offre de nombreuses possibilit\u00e9s pour ceux qui souhaitent explorer la r\u00e9gion en s\u2019activant, au travers d\u2019<strong>activit\u00e9s en tous genres<\/strong>. Situ\u00e9 au c\u0153ur de cette belle r\u00e9gion, le <a href=\"https:\/\/www.camping-la-prairie.fr\/\" data-type=\"page\" data-id=\"5\">camping La Prairie, au Muy<\/a>, constitue le <strong>point de d\u00e9part id\u00e9al<\/strong> pour agr\u00e9menter votre s\u00e9jour, que vous soyez \u00e0 la recherche d&#8216;<strong>activit\u00e9s familiales<\/strong>, <strong>sportives<\/strong> ou adapt\u00e9es aux <strong>enfants<\/strong>.<\/p>\n<\/div>\n<\/div>\n<\/section>\n\n<section class=\"wp-block-group page-second is-layout-flow wp-block-group-is-layout-flow\" style=\"padding-top:7rem;padding-bottom:4rem\">\n<div class=\"wp-block-columns are-vertically-aligned-center is-layout-flex wp-container-core-columns-is-layout-39c19385 wp-block-columns-is-layout-flex\" style=\"padding-right:7rem;padding-left:7rem\">\n<div class=\"wp-block-column is-vertically-aligned-center first is-layout-flow wp-block-column-is-layout-flow\"><h2 class=\"wp-block-heading\" id=\"aktivitaeten-fuer-ihre-kinder\"><strong>Aktivit\u00e4ten<\/strong> <br>f\u00fcr Ihre Kinder<\/h2>\n\n\n<div style=\"height:2rem\" aria-hidden=\"true\" class=\"wp-block-spacer gt-hide-mobile\"><\/div>\n\n\n\n<p>Es gibt nichts Sch\u00f6neres, als zu sehen, wie Kinder w\u00e4hrend ihres Urlaubs<strong> Spa\u00df haben<\/strong> und <strong>neue Erfahrungen<\/strong> machen. Rund um den Campingplatz gibt es viele M\u00f6glichkeiten f\u00fcr die Kleinen, um unvergessliche Momente zu erleben.   <\/p>\n\n\n\n<p>Ein Muss ist zum Beispiel <a href=\"https:\/\/www.waterworld83.fr\/\" target=\"_blank\" rel=\"noreferrer noopener nofollow\">Waterworld, ein aufblasbarer Wasserpark<\/a> in Puget-sur-Argens, das nur 20 Minuten entfernt liegt. Dieser <strong>auf einem See schwimmende Park<\/strong> bietet Kindern die M\u00f6glichkeit, in aller Sicherheit zu springen, zu rutschen und zu klettern. Eine tolle M\u00f6glichkeit f\u00fcr kleine Abenteurer, sich auszupowern und gleichzeitig Spa\u00df zu haben.  <\/p>\n\n\n    <div id=\"gt-fse-lire-plus-69e5ca2dc54cc\" class=\"gt-fse-lire-plus\" data-min-height=\"130\" style=\"background-color: #fff;\">\n        <input id=\"gt-fse-lire-plus-69e5ca2dc54cc-toggle\" type=\"checkbox\" class=\"gt-fse-lire-plus__toggle\" \/>\n        <label for=\"gt-fse-lire-plus-69e5ca2dc54cc-toggle\" class=\"gt-fse-lire-plus__toggle-label\">\n            <span>Lire plus<\/span>\n            <span>Lire moins<\/span>\n        <\/label>\n        <div class=\"gt-fse-lire-plus__content\" style=\"height: 130px;\">\n            \n\n<p>F\u00fcr eine mehr kulturelle, aber auch <strong>unterhaltsame<\/strong> Aktivit\u00e4t bietet das <a href=\"https:\/\/www.visitvar.fr\/fiche\/musee-de-la-liberation-4619111\" target=\"_blank\" rel=\"noreferrer noopener nofollow\">Museum der Befreiung in Le Muy<\/a> <strong>interaktive Ausstellungen<\/strong>, die Kinder und Erwachsene gleicherma\u00dfen fesseln. Das Museum bietet manchmal <strong>Workshops an, die speziell f\u00fcr junge Besucher konzipiert<\/strong> sind, so dass sie auf unterhaltsame Weise lernen k\u00f6nnen. <\/p>\n\n\n\n<p>Was die Natur betrifft, so bieten die <strong>umliegenden Berge und W\u00e4lder<\/strong> ebenfalls fantastische M\u00f6glichkeiten, Kindern die Tierwelt und die nat\u00fcrliche Sch\u00f6nheit des Var n\u00e4her zu bringen. Es gibt viele markierte Wanderwege, die <strong>f\u00fcr Familien<\/strong> <strong>mit kleinen Kindern<\/strong> <strong>geeignet<\/strong> sind.   <\/p>\n\n\n\n<p>Eine weitere beliebte Option ist das <strong>Ponyreiten<\/strong>, das von mehreren Reiterh\u00f6fen in der Region angeboten wird. Kinder lieben diese kleinen Ausfl\u00fcge, bei denen sie direkt mit den Tieren interagieren und die Region aus einer anderen Perspektive kennenlernen k\u00f6nnen. <\/p>\n\n            <div class=\"gt-fse-lire-plus__gradient\" style=\"background: linear-gradient(to bottom,rgba(255,255,255,0) 0%,rgba(255,255,255,1) 100%);\"><\/div>\n        <\/div>\n    <\/div>\n    <\/div>\n\n\n\n<div class=\"wp-block-column is-vertically-aligned-center second is-layout-flow wp-block-column-is-layout-flow\">\n<figure class=\"wp-block-image size-full\"><img decoding=\"async\" width=\"901\" height=\"780\" src=\"https:\/\/www.camping-la-prairie.fr\/wp-content\/uploads\/2025\/03\/faire-des-activites-aquatiques-pour-enfants-dans-le-var.jpg\" alt=\"Wasseraktivit&#xE4;ten f&#xFC;r Kinder in der Region Var\" class=\"wp-image-1600\" srcset=\"https:\/\/www.camping-la-prairie.fr\/wp-content\/uploads\/2025\/03\/faire-des-activites-aquatiques-pour-enfants-dans-le-var.jpg 901w, https:\/\/www.camping-la-prairie.fr\/wp-content\/uploads\/2025\/03\/faire-des-activites-aquatiques-pour-enfants-dans-le-var-300x260.jpg 300w, https:\/\/www.camping-la-prairie.fr\/wp-content\/uploads\/2025\/03\/faire-des-activites-aquatiques-pour-enfants-dans-le-var-768x665.jpg 768w\" sizes=\"(max-width: 901px) 100vw, 901px\" \/><\/figure>\n<\/div>\n<\/div>\n<\/section>\n\n<section class=\"wp-block-group page-third is-layout-flow wp-block-group-is-layout-flow\" style=\"padding-top:4vw;padding-bottom:4vw\"><h2 class=\"wp-block-heading has-text-align-center\" id=\"familienaktivitaeten-und-gesellig\"><strong>Familienaktivit\u00e4ten<\/strong> <br>und gesellig<\/h2>\n\n\n<div style=\"height:2rem\" aria-hidden=\"true\" class=\"wp-block-spacer gt-hide-mobile\"><\/div>\n\n\n\n<div class=\"wp-block-group has-global-padding is-layout-constrained wp-container-core-group-is-layout-4383d167 wp-block-group-is-layout-constrained\">\n<p class=\"has-text-align-center\">Der Charme des Var liegt auch in den <strong>vielen familienfreundlichen Aktivit\u00e4ten<\/strong>. Die umliegenden <strong>D\u00f6rfer<\/strong> und ihre <strong>M\u00e4rkte<\/strong> bieten einen <strong>authentischen Einblick in die lokale Kultur<\/strong>. Schlendern Sie durch die bunten St\u00e4nde, probieren Sie die regionalen Produkte und warum nicht ein paar handgefertigte Souvenirs mit nach Hause nehmen?  <\/p>\n\n\n    <div id=\"gt-fse-lire-plus-69e5ca2dc5a31\" class=\"gt-fse-lire-plus\" data-min-height=\"130\" style=\"background-color: #fff;\">\n        <input id=\"gt-fse-lire-plus-69e5ca2dc5a31-toggle\" type=\"checkbox\" class=\"gt-fse-lire-plus__toggle\" \/>\n        <label for=\"gt-fse-lire-plus-69e5ca2dc5a31-toggle\" class=\"gt-fse-lire-plus__toggle-label\">\n            <span>Lire plus<\/span>\n            <span>Lire moins<\/span>\n        <\/label>\n        <div class=\"gt-fse-lire-plus__content\" style=\"height: 130px;\">\n            \n\n<p class=\"has-text-align-center\">Eine originelle Idee f\u00fcr einen Besuch ist das <a href=\"https:\/\/www.pugetsurargens-tourisme.com\/fr\/animation\/chateau-de-cabran-750660\/\" target=\"_blank\" rel=\"noreferrer noopener nofollow\">Ch\u00e2teau de Cabran<\/a>. Dieses wundersch\u00f6ne, typisch <strong>provenzalische Geb\u00e4ude<\/strong> ist von <strong>Weinbergen<\/strong> umgeben und bietet ein spannendes Besuchsprogramm, von einem <strong>Spaziergang durch die Weinberge<\/strong> bis hin zu einer<strong>erfrischenden Erkundung des Weinkellers<\/strong>. Die Eltern k\u00f6nnen sogar eine Weinprobe mit lokalen Weinen genie\u00dfen, w\u00e4hrend die Kinder die Architektur und die Natur rund um das Anwesen an den Ausl\u00e4ufern des Esterel-Gebirges bewundern k\u00f6nnen.  <\/p>\n\n\n\n<p class=\"has-text-align-center\">Pour une journ\u00e9e de <strong>d\u00e9tente en famille<\/strong>, rendez-vous sur les <a href=\"https:\/\/www.camping-la-prairie.fr\/tourisme-var\/camping-frejus-saint-raphael\/\" data-type=\"page\" data-id=\"13\">plages de Fr\u00e9jus et Saint-Rapha\u00ebl<\/a>. Ces <strong>plages de sable fin<\/strong> sont facilement accessibles \u00e0 30 minutes de notre camping au Muy et offrent tout le n\u00e9cessaire pour passer un agr\u00e9able moment en <strong>bord de mer<\/strong>. Baignade, jeux de plage, ou simplement se pr\u00e9lasser au soleil, sans oublier la bonne glace traditionnelle, il y a de quoi <strong>satisfaire toute la famille<\/strong>.<\/p>\n\n\n\n<p class=\"has-text-align-center\">Am Abend kehren Sie schnell auf den Campingplatz zur\u00fcck und nehmen an den organisierten Veranstaltungen teil. Von <strong>Karaoke-Abenden<\/strong> bis hin zu <strong>Boulespielen<\/strong> ist f\u00fcr jeden Geschmack etwas dabei. P\u00e9tanque ist eine echte <strong>regionale Institution<\/strong> und das perfekte Spiel, um<strong> Kontakte zu kn\u00fcpfen<\/strong> und <strong>gesellige Momente<\/strong> in einer herzlichen Atmosph\u00e4re zu verbringen.  <\/p>\n\n            <div class=\"gt-fse-lire-plus__gradient\" style=\"background: linear-gradient(to bottom,rgba(255,255,255,0) 0%,rgba(255,255,255,1) 100%);\"><\/div>\n        <\/div>\n    <\/div>\n    <\/div>\n\n\n\n<div class=\"wp-block-columns galerie is-layout-flex wp-container-core-columns-is-layout-28f84493 wp-block-columns-is-layout-flex\">\n<div class=\"wp-block-column has-cta is-layout-flow wp-block-column-is-layout-flow\">\n<figure class=\"wp-block-image size-full custom-srcset\"><img decoding=\"async\" width=\"2000\" height=\"1333\" src=\"https:\/\/www.camping-la-prairie.fr\/wp-content\/uploads\/2025\/03\/faire-les-marches-locaux-en-provence.jpg\" alt=\"lokale M&#xE4;rkte in der Provence\" class=\"wp-image-1603\" srcset=\"https:\/\/www.camping-la-prairie.fr\/wp-content\/uploads\/2025\/03\/faire-les-marches-locaux-en-provence.jpg 2000w, https:\/\/www.camping-la-prairie.fr\/wp-content\/uploads\/2025\/03\/faire-les-marches-locaux-en-provence-300x200.jpg 300w, https:\/\/www.camping-la-prairie.fr\/wp-content\/uploads\/2025\/03\/faire-les-marches-locaux-en-provence-1024x682.jpg 1024w, https:\/\/www.camping-la-prairie.fr\/wp-content\/uploads\/2025\/03\/faire-les-marches-locaux-en-provence-768x512.jpg 768w, https:\/\/www.camping-la-prairie.fr\/wp-content\/uploads\/2025\/03\/faire-les-marches-locaux-en-provence-1536x1024.jpg 1536w\" sizes=\"(max-width: 2000px) 100vw, 2000px\" \/><\/figure>\n<\/div>\n\n\n\n<div class=\"wp-block-column has-cta is-layout-flow wp-block-column-is-layout-flow\">\n<figure class=\"wp-block-image size-full custom-srcset\"><img decoding=\"async\" width=\"2000\" height=\"1333\" src=\"https:\/\/www.camping-la-prairie.fr\/wp-content\/uploads\/2025\/03\/plage-de-sainte-maxime.jpg\" alt=\"Strand von sainte maxime\" class=\"wp-image-1547\" srcset=\"https:\/\/www.camping-la-prairie.fr\/wp-content\/uploads\/2025\/03\/plage-de-sainte-maxime.jpg 2000w, https:\/\/www.camping-la-prairie.fr\/wp-content\/uploads\/2025\/03\/plage-de-sainte-maxime-300x200.jpg 300w, https:\/\/www.camping-la-prairie.fr\/wp-content\/uploads\/2025\/03\/plage-de-sainte-maxime-1024x682.jpg 1024w, https:\/\/www.camping-la-prairie.fr\/wp-content\/uploads\/2025\/03\/plage-de-sainte-maxime-768x512.jpg 768w, https:\/\/www.camping-la-prairie.fr\/wp-content\/uploads\/2025\/03\/plage-de-sainte-maxime-1536x1024.jpg 1536w\" sizes=\"(max-width: 2000px) 100vw, 2000px\" \/><\/figure>\n<\/div>\n\n\n\n<div class=\"wp-block-column has-cta is-layout-flow wp-block-column-is-layout-flow\">\n<figure class=\"wp-block-image size-full custom-srcset\"><img decoding=\"async\" width=\"2000\" height=\"1333\" src=\"https:\/\/www.camping-la-prairie.fr\/wp-content\/uploads\/2025\/03\/se-balader-dans-les-vignes-en-provence.jpg\" alt=\"Wandern in den Weinbergen der Provence\" class=\"wp-image-1608\" srcset=\"https:\/\/www.camping-la-prairie.fr\/wp-content\/uploads\/2025\/03\/se-balader-dans-les-vignes-en-provence.jpg 2000w, https:\/\/www.camping-la-prairie.fr\/wp-content\/uploads\/2025\/03\/se-balader-dans-les-vignes-en-provence-300x200.jpg 300w, https:\/\/www.camping-la-prairie.fr\/wp-content\/uploads\/2025\/03\/se-balader-dans-les-vignes-en-provence-1024x682.jpg 1024w, https:\/\/www.camping-la-prairie.fr\/wp-content\/uploads\/2025\/03\/se-balader-dans-les-vignes-en-provence-768x512.jpg 768w, https:\/\/www.camping-la-prairie.fr\/wp-content\/uploads\/2025\/03\/se-balader-dans-les-vignes-en-provence-1536x1024.jpg 1536w\" sizes=\"(max-width: 2000px) 100vw, 2000px\" \/><\/figure>\n<\/div>\n<\/div>\n<\/section>\n\n<section class=\"wp-block-group page-fourth traits-haut is-layout-flow wp-block-group-is-layout-flow\" style=\"padding-top:7rem;padding-bottom:4rem\">\n<div class=\"wp-block-columns are-vertically-aligned-center is-layout-flex wp-container-core-columns-is-layout-64c91fef wp-block-columns-is-layout-flex\" style=\"padding-right:4rem;padding-left:4rem\">\n<div class=\"wp-block-column is-vertically-aligned-center first is-layout-flow wp-block-column-is-layout-flow\">\n<figure class=\"wp-block-image size-full\"><img decoding=\"async\" width=\"901\" height=\"780\" src=\"https:\/\/www.camping-la-prairie.fr\/wp-content\/uploads\/2025\/03\/activites-sportives-en-provence.jpg\" alt=\"sportliche Aktivit&#xE4;ten in der Provence\" class=\"wp-image-1611\" srcset=\"https:\/\/www.camping-la-prairie.fr\/wp-content\/uploads\/2025\/03\/activites-sportives-en-provence.jpg 901w, https:\/\/www.camping-la-prairie.fr\/wp-content\/uploads\/2025\/03\/activites-sportives-en-provence-300x260.jpg 300w, https:\/\/www.camping-la-prairie.fr\/wp-content\/uploads\/2025\/03\/activites-sportives-en-provence-768x665.jpg 768w\" sizes=\"(max-width: 901px) 100vw, 901px\" \/><\/figure>\n<\/div>\n\n\n\n<div class=\"wp-block-column is-vertically-aligned-center second is-layout-flow wp-block-column-is-layout-flow\"><h2 class=\"wp-block-heading\" id=\"sportliche-aktivitaeten\">Sportliche <strong>Aktivit\u00e4ten<\/strong> <\/h2>\n\n\n<p>Sportbegeisterte werden von dem<strong>vielf\u00e4ltigen Angebot<\/strong> rund um den Campingplatz in Le Muy begeistert sein. F\u00fcr <strong>Wanderfreunde <\/strong>gibt es ein dichtes Netz von <strong>Wanderwegen <\/strong>, die Ihnen einen herrlichen Panoramablick auf das Var bieten. Ob <strong>zu Fu\u00df oder mit dem Fahrrad<\/strong>, erkunden Sie die lokale Flora und Fauna und genie\u00dfen Sie die <strong>spektakul\u00e4re Landschaft<\/strong>.  <\/p>\n\n\n\n<p>Sind Sie ein Fan von Nervenkitzel? Versuchen Sie es mit <strong>Wassersport<\/strong> auf <strong>Seen oder im Meer<\/strong>. Das Var ist ideal zum <strong>Segeln<\/strong>, <strong>Paddeln<\/strong>, <strong>Jetski<\/strong> fahren oder <strong>Angeln<\/strong>. Mehrere Freizeitzentren und spezialisierte Zentren bieten Kurse und Verleih an, so dass jeder in aller Sicherheit lernen kann.   <\/p>\n\n\n    <div id=\"gt-fse-lire-plus-69e5ca2dc641f\" class=\"gt-fse-lire-plus\" data-min-height=\"130\" style=\"background-color: #fff;\">\n        <input id=\"gt-fse-lire-plus-69e5ca2dc641f-toggle\" type=\"checkbox\" class=\"gt-fse-lire-plus__toggle\" \/>\n        <label for=\"gt-fse-lire-plus-69e5ca2dc641f-toggle\" class=\"gt-fse-lire-plus__toggle-label\">\n            <span>Lire plus<\/span>\n            <span>Lire moins<\/span>\n        <\/label>\n        <div class=\"gt-fse-lire-plus__content\" style=\"height: 130px;\">\n            \n\n<p>Diejenigen, die lieber auf dem Boden bleiben m\u00f6chten, k\u00f6nnen sich mit dem <strong>Mountainbike<\/strong> fortbewegen. Mit seinen <strong>steilen H\u00fcgeln<\/strong> und abwechslungsreichen Strecken ist die Gemeinde Le Muy und ihre Umgebung ein wahrer Spielplatz f\u00fcr <strong>Radfahrer aller Niveaus<\/strong>. Es gibt sowohl f\u00fcr Anf\u00e4nger als auch f\u00fcr Fortgeschrittene <strong>geeignete Routen<\/strong>.  <\/p>\n\n\n\n<p><strong>Golf<\/strong> ist eine weitere beliebte Aktivit\u00e4t in der Region. In der N\u00e4he von Le Muy gibt es mehrere gut gepflegte Golfpl\u00e4tze, auf denen Sie Ihren Schwung verbessern k\u00f6nnen, w\u00e4hrend Sie die entspannende Umgebung der Natur genie\u00dfen. <\/p>\n\n\n\n<p>M\u00f6chten Sie in einer Mannschaft spielen? Die <strong>st\u00e4dtischen Sportpl\u00e4tze<\/strong> stehen Ihnen zur Verf\u00fcgung, um <strong>Freundschaftsspiele im Fu\u00dfball, Basketball oder Tennis<\/strong> zu organisieren. F\u00fcr Reisende, die eine Aktivit\u00e4t suchen, die <strong>Freizeit und Entdeckung<\/strong> miteinander verbindet, sollten Sie das<strong>Klettern<\/strong> ausprobieren.  <\/p>\n\n\n\n<p>In Var gibt es <strong>mehrere bekannte Klettergebiete<\/strong>, allen voran die Gorges du Verdon (Gorges du Verdon), die sowohl f\u00fcr Anf\u00e4nger als auch f\u00fcr erfahrene Kletterer geeignet sind. Unter professioneller Anleitung ist dies eine ausgezeichnete Gelegenheit, sich selbst zu \u00fcbertreffen und gleichzeitig die Gipfel zu erobern. <\/p>\n\n            <div class=\"gt-fse-lire-plus__gradient\" style=\"background: linear-gradient(to bottom,rgba(255,255,255,0) 0%,rgba(255,255,255,1) 100%);\"><\/div>\n        <\/div>\n    <\/div>\n    <\/div>\n<\/div>\n<\/section>\n\n<section class=\"wp-block-group page-maillage is-layout-flow wp-block-group-is-layout-flow\" style=\"padding-top:4rem;padding-right:4rem;padding-bottom:7rem;padding-left:4rem\">\n<p class=\"has-text-align-center has-accent-2-color has-text-color has-link-color wp-elements-03111ceed562857d94106b109aefd150\" style=\"font-size:clamp(1.551rem, 1.551rem + ((1vw - 0.2rem) * 1.748), 2.6rem);line-height:1.4;text-transform:uppercase\"><strong>Entdecken<\/strong> Sie <br\/>die Schluchten des Verdon, sainte-maxime und saint-tropez<\/p>\n\n\n\n<div style=\"height:2rem\" aria-hidden=\"true\" class=\"wp-block-spacer gt-hide-mobile\"><\/div>\n\n\n\n<div data-wp-context=\"{}\" data-wp-interactive=\"core\/query\" data-wp-key=\"0\" data-wp-router-region=\"query-0\" class=\"wp-block-query alignwide gt-fse-maillage-query is-layout-flow wp-block-query-is-layout-flow\"><ul class=\"columns-3 gt-fse-cta wp-block-post-template is-layout-grid wp-container-core-post-template-is-layout-6d3fbd8f wp-block-post-template-is-layout-grid\"><li data-wp-key=\"post-template-item-2660\" class=\"wp-block-post post-2660 page type-page status-publish has-post-thumbnail hentry\">\n\n<div class=\"wp-block-group has-cta is-layout-flow wp-block-group-is-layout-flow\">\n<figure class=\"wp-block-image gt-fse-cta__image custom-srcset page\"><img decoding=\"async\" src=\"https:\/\/www.camping-la-prairie.fr\/wp-content\/uploads\/2025\/03\/gorges-du-verdon.jpg\" alt=\"Gorges du Verdon\"\/><\/figure>\n\n\n\n<p class=\"gt-fse-cta__title has-accent-5-color has-text-color has-link-color wp-elements-9e46dfb13e9204ef3273f9df79e72862\" style=\"font-size:clamp(1.135rem, 1.135rem + ((1vw - 0.2rem) * 1.075), 1.78rem);font-style:normal;font-weight:700;text-transform:uppercase\">Gorges du Verdon<\/p>\n\n\n<a class=\"is-style-lien-cover wp-block-read-more\" href=\"https:\/\/www.camping-la-prairie.fr\/de\/tourisme-var\/tourisme-gorges-du-verdon\/\" target=\"_self\">Weiterlesen<span class=\"screen-reader-text\">: Gorges du Verdon<\/span><\/a><\/div>\n\n<\/li><li data-wp-key=\"post-template-item-2704\" class=\"wp-block-post post-2704 page type-page status-publish has-post-thumbnail hentry\">\n\n<div class=\"wp-block-group has-cta is-layout-flow wp-block-group-is-layout-flow\">\n<figure class=\"wp-block-image gt-fse-cta__image custom-srcset page\"><img decoding=\"async\" src=\"https:\/\/www.camping-la-prairie.fr\/wp-content\/uploads\/2025\/03\/location-de-vamping-a-saint-tropez.jpg\" alt=\"Saint-Tropez\"\/><\/figure>\n\n\n\n<p class=\"gt-fse-cta__title has-accent-5-color has-text-color has-link-color wp-elements-9e46dfb13e9204ef3273f9df79e72862\" style=\"font-size:clamp(1.135rem, 1.135rem + ((1vw - 0.2rem) * 1.075), 1.78rem);font-style:normal;font-weight:700;text-transform:uppercase\">Saint-Tropez<\/p>\n\n\n<a class=\"is-style-lien-cover wp-block-read-more\" href=\"https:\/\/www.camping-la-prairie.fr\/de\/tourisme-var\/camping-saint-tropez\/\" target=\"_self\">Weiterlesen<span class=\"screen-reader-text\">: Saint-Tropez<\/span><\/a><\/div>\n\n<\/li><li data-wp-key=\"post-template-item-2630\" class=\"wp-block-post post-2630 page type-page status-publish has-post-thumbnail hentry\">\n\n<div class=\"wp-block-group has-cta is-layout-flow wp-block-group-is-layout-flow\">\n<figure class=\"wp-block-image gt-fse-cta__image custom-srcset page\"><img decoding=\"async\" src=\"https:\/\/www.camping-la-prairie.fr\/wp-content\/uploads\/2025\/03\/vacances-a-sainte-maxime-en-provence.jpg\" alt=\"Sainte-Maxime\"\/><\/figure>\n\n\n\n<p class=\"gt-fse-cta__title has-accent-5-color has-text-color has-link-color wp-elements-9e46dfb13e9204ef3273f9df79e72862\" style=\"font-size:clamp(1.135rem, 1.135rem + ((1vw - 0.2rem) * 1.075), 1.78rem);font-style:normal;font-weight:700;text-transform:uppercase\">Sainte-Maxime<\/p>\n\n\n<a class=\"is-style-lien-cover wp-block-read-more\" href=\"https:\/\/www.camping-la-prairie.fr\/de\/tourisme-var\/tourisme-sainte-maxime\/\" target=\"_self\">Weiterlesen<span class=\"screen-reader-text\">: Sainte-Maxime<\/span><\/a><\/div>\n\n<\/li><\/ul><\/div>\n<\/section>\n","protected":false},"excerpt":{"rendered":"<p>Top-Aktivit\u00e4ten in Var Le d\u00e9partement du Var, c\u00e9l\u00e8bre pour ses paysages naturels sublimes et son climat m\u00e9diterran\u00e9en, offre de nombreuses possibilit\u00e9s pour ceux qui souhaitent explorer la r\u00e9gion en s\u2019activant, au travers d\u2019activit\u00e9s en tous genres. Situ\u00e9 au c\u0153ur de cette belle r\u00e9gion, le camping La Prairie, au Muy, constitue le point de d\u00e9part id\u00e9al [&hellip;]<\/p>\n","protected":false},"author":1,"featured_media":2611,"parent":2587,"menu_order":0,"comment_status":"closed","ping_status":"closed","template":"","meta":{"_seopress_robots_primary_cat":"","_seopress_titles_title":"Aktivit\u00e4ten rund um den Campingplatz im Departement Var","_seopress_titles_desc":"Entscheiden Sie sich f\u00fcr einen aktiven und unterhaltsamen Aufenthalt im Departement Var dank der Aktivit\u00e4ten, die Sie rund um den Campingplatz unternehmen k\u00f6nnen: Familien, Sport, Kinder... Alle Freizeitw\u00fcnsche werden erf\u00fcllt!","_seopress_robots_index":"","_gt_ctv_global_id":"","_gt_ctv_id_group":false,"inline_featured_image":false,"gt_fse_maillage_image":"https:\/\/www.camping-la-prairie.fr\/wp-content\/uploads\/2025\/03\/activites-a-faire-en-famille-en-provence-1024x742.jpg","gt_fse_maillage_titre":"Aktivit\u00e4ten rund um den Campingplatz","gt_fse_maillage_alt":"Familienaktivit\u00e4ten in der Provence","gt_fse_maillage_resume":"","footnotes":""},"categories":[],"tags":[],"class_list":["post-2605","page","type-page","status-publish","has-post-thumbnail","hentry"],"_links":{"self":[{"href":"https:\/\/www.camping-la-prairie.fr\/de\/wp-json\/wp\/v2\/pages\/2605","targetHints":{"allow":["GET"]}}],"collection":[{"href":"https:\/\/www.camping-la-prairie.fr\/de\/wp-json\/wp\/v2\/pages"}],"about":[{"href":"https:\/\/www.camping-la-prairie.fr\/de\/wp-json\/wp\/v2\/types\/page"}],"author":[{"embeddable":true,"href":"https:\/\/www.camping-la-prairie.fr\/de\/wp-json\/wp\/v2\/users\/1"}],"replies":[{"embeddable":true,"href":"https:\/\/www.camping-la-prairie.fr\/de\/wp-json\/wp\/v2\/comments?post=2605"}],"version-history":[{"count":1,"href":"https:\/\/www.camping-la-prairie.fr\/de\/wp-json\/wp\/v2\/pages\/2605\/revisions"}],"predecessor-version":[{"id":2615,"href":"https:\/\/www.camping-la-prairie.fr\/de\/wp-json\/wp\/v2\/pages\/2605\/revisions\/2615"}],"up":[{"embeddable":true,"href":"https:\/\/www.camping-la-prairie.fr\/de\/wp-json\/wp\/v2\/pages\/2587"}],"wp:featuredmedia":[{"embeddable":true,"href":"https:\/\/www.camping-la-prairie.fr\/de\/wp-json\/wp\/v2\/media\/2611"}],"wp:attachment":[{"href":"https:\/\/www.camping-la-prairie.fr\/de\/wp-json\/wp\/v2\/media?parent=2605"}],"wp:term":[{"taxonomy":"category","embeddable":true,"href":"https:\/\/www.camping-la-prairie.fr\/de\/wp-json\/wp\/v2\/categories?post=2605"},{"taxonomy":"post_tag","embeddable":true,"href":"https:\/\/www.camping-la-prairie.fr\/de\/wp-json\/wp\/v2\/tags?post=2605"}],"curies":[{"name":"wp","href":"https:\/\/api.w.org\/{rel}","templated":true}]}}