{"id":2519,"date":"2025-01-29T08:50:19","date_gmt":"2025-01-29T08:50:19","guid":{"rendered":"https:\/\/www.camping-la-prairie.fr\/location-emplacement-le-muy\/"},"modified":"2025-07-10T14:28:34","modified_gmt":"2025-07-10T14:28:34","slug":"location-emplacement-le-muy","status":"publish","type":"page","link":"https:\/\/www.camping-la-prairie.fr\/de\/location-emplacement-le-muy\/","title":{"rendered":"Unsere Standorte"},"content":{"rendered":"\n<section class=\"wp-block-group page-first traits-bas is-layout-flow wp-block-group-is-layout-flow\" style=\"padding-top:7rem;padding-bottom:7rem\">\n<div class=\"wp-block-columns are-vertically-aligned-center is-layout-flex wp-container-core-columns-is-layout-86160fd2 wp-block-columns-is-layout-flex\" style=\"padding-right:7rem;padding-left:7rem\">\n<div class=\"wp-block-column is-vertically-aligned-center first is-layout-flow wp-block-column-is-layout-flow\" style=\"flex-basis:40%\">\n<div class=\"wp-block-query alignwide gt-fse-hebergements is-layout-flow wp-block-query-is-layout-flow gt-fse-widgets-ctv-open-product\"><ul class=\"columns-1 wp-block-post-template is-layout-grid wp-container-core-post-template-is-layout-19505109 wp-block-post-template-is-layout-grid gt-fse-widgets-ctv-open-product\"><li data-gt-Thelis-product-id=\"\" data-gt-campings=\"\" data-gt-capacities=\"52\" data-gt-ctv-product-id=\"36818\" data-gt-gammes=\"\" data-gt-options=\"\" data-gt-rooms=\"\" data-gt-superficies=\"\" data-gt-types=\"\" class=\"wp-block-post post-2792 hebergement type-hebergement status-publish has-post-thumbnail hentry gt-hebergements-nombre-personnes-2-de gt-fse-widgets-ctv-open-product\">\n\n<div class=\"wp-block-group gt-hebergement-wrap has-accent-3-background-color has-background is-layout-flow wp-container-core-group-is-layout-f8561097 wp-block-group-is-layout-flow gt-fse-widgets-ctv-open-product\" style=\"border-bottom-right-radius:4rem;padding-top:0;padding-right:0;padding-bottom:0;padding-left:0;box-shadow:var(--wp--preset--shadow--natural)\"><figure style=\"aspect-ratio:auto;height:350px;\" class=\"hebergement-featured-image wp-block-post-featured-image gt-fse-widgets-ctv-open-product\"><img decoding=\"async\" width=\"1176\" height=\"662\" src=\"https:\/\/www.camping-la-prairie.fr\/wp-content\/uploads\/2025\/03\/emplacement-tente-camping-car-ou-caravane.jpg\" class=\"attachment-full size-full wp-post-image gt-fse-widgets-ctv-open-product\" alt=\"Wohnmobil oder Wohnwagen Pitches\" style=\"border-radius:0px;width:100%;height:100%;object-fit:cover;\" srcset=\"https:\/\/www.camping-la-prairie.fr\/wp-content\/uploads\/2025\/03\/emplacement-tente-camping-car-ou-caravane.jpg 1176w, https:\/\/www.camping-la-prairie.fr\/wp-content\/uploads\/2025\/03\/emplacement-tente-camping-car-ou-caravane-300x169.jpg 300w, https:\/\/www.camping-la-prairie.fr\/wp-content\/uploads\/2025\/03\/emplacement-tente-camping-car-ou-caravane-1024x576.jpg 1024w, https:\/\/www.camping-la-prairie.fr\/wp-content\/uploads\/2025\/03\/emplacement-tente-camping-car-ou-caravane-768x432.jpg 768w\" sizes=\"(max-width: 1176px) 100vw, 1176px\" \/><\/figure>\n\n\n<div class=\"wp-block-group gt-hebergement-content has-global-padding is-layout-constrained wp-container-core-group-is-layout-3bb25c8f wp-block-group-is-layout-constrained gt-fse-widgets-ctv-open-product\" style=\"padding-top:var(--wp--preset--spacing--20);padding-right:var(--wp--preset--spacing--20);padding-bottom:var(--wp--preset--spacing--20);padding-left:var(--wp--preset--spacing--20)\">\n<div class=\"wp-block-group is-nowrap is-layout-flex wp-container-core-group-is-layout-6c531013 wp-block-group-is-layout-flex gt-fse-widgets-ctv-open-product\">\n<div class=\"wp-block-group has-small-font-size is-nowrap is-layout-flex wp-container-core-group-is-layout-2d60fca4 wp-block-group-is-layout-flex gt-fse-widgets-ctv-open-product\" style=\"border-radius:1rem;padding-top:4px;padding-right:8px;padding-bottom:4px;padding-left:8px\"><\/div>\n<\/div>\n\n\n\n<div class=\"wp-block-group is-vertical is-layout-flex wp-container-core-group-is-layout-fe9cc265 wp-block-group-is-layout-flex gt-fse-widgets-ctv-open-product\"><h3 style=\"font-size:clamp(0.984rem, 0.984rem + ((1vw - 0.2rem) * 0.86), 1.5rem); margin-top:0;margin-bottom:0;\" class=\"hebergement-title wp-block-post-title has-raleway-font-family gt-fse-widgets-ctv-open-product\">Stellplatz f\u00fcr Zelt, Wohnmobil oder Wohnwagen<\/h3><\/div>\n\n\n\n<div style=\"height:0.25rem\" aria-hidden=\"true\" class=\"wp-block-spacer gt-hide-mobile gt-fse-widgets-ctv-open-product\"><\/div>\n\n\n\n<div class=\"wp-block-group icones is-layout-flex wp-container-core-group-is-layout-9d3a9fc2 wp-block-group-is-layout-flex gt-fse-widgets-ctv-open-product\">\n<div class=\"wp-block-group has-contrast-3-color has-text-color has-link-color wp-elements-d7f91c3a2b48d217b194ec469f6736ba is-nowrap is-layout-flex wp-container-core-group-is-layout-89a94f6a wp-block-group-is-layout-flex gt-fse-widgets-ctv-open-product\">\n<figure class=\"wp-block-image size-full is-resized wp-duotone-d89b46-0f9696-1 gt-fse-widgets-ctv-open-product\"><img decoding=\"async\" width=\"38\" height=\"36\" src=\"https:\/\/www.camping-la-prairie.fr\/wp-content\/uploads\/2025\/02\/personnes.png\" alt=\"Personen\" class=\"wp-image-252 gt-fse-widgets-ctv-open-product\" style=\"width:40px\"\/><\/figure>\n\n\n<div style=\"font-style:normal;font-weight:700\" class=\"taxonomy-gt-hebergements-nombre-personnes wp-block-post-terms gt-fse-widgets-ctv-open-product\"><span class=\"gt-fse-widgets-ctv-open-product\">2<\/span><\/div>\n\n\n<p class=\"has-contrast-3-color has-text-color has-link-color wp-elements-db78ab01fddde88c4ec82ef20152f5fb gt-fse-widgets-ctv-open-product\"><strong class=\"gt-fse-widgets-ctv-open-product\">pers.<\/strong><\/p>\n<\/div>\n\n\n\n<div class=\"wp-block-group has-contrast-3-color has-text-color has-link-color wp-elements-985c6a869b0ded445d0f86b1d1ff63a3 is-nowrap is-layout-flex wp-container-core-group-is-layout-89a94f6a wp-block-group-is-layout-flex gt-fse-widgets-ctv-open-product\">\n<figure class=\"wp-block-image size-full is-resized wp-duotone-0f9696-ffffff-2 gt-fse-widgets-ctv-open-product\"><img decoding=\"async\" width=\"50\" height=\"50\" src=\"https:\/\/www.camping-la-prairie.fr\/wp-content\/uploads\/2025\/02\/lit.svg\" alt=\"Bett\" class=\"wp-image-1160 gt-fse-widgets-ctv-open-product\" style=\"width:40px\"\/><\/figure>\n\n\n\n\n\n<p class=\"has-contrast-3-color has-text-color has-link-color wp-elements-91b67934d420d8419625d2a47feac692 gt-fse-widgets-ctv-open-product\"><strong class=\"gt-fse-widgets-ctv-open-product\">ch.<\/strong><\/p>\n<\/div>\n\n\n\n<div class=\"wp-block-group has-contrast-3-color has-text-color has-link-color wp-elements-010782d36b70db8c09642821b60ac887 is-nowrap is-layout-flex wp-container-core-group-is-layout-89a94f6a wp-block-group-is-layout-flex gt-fse-widgets-ctv-open-product\">\n<figure class=\"wp-block-image size-full is-resized wp-duotone-0f9696-ffffff-3 gt-fse-widgets-ctv-open-product\"><img decoding=\"async\" width=\"50\" height=\"50\" src=\"https:\/\/www.camping-la-prairie.fr\/wp-content\/uploads\/2025\/02\/surface.svg\" alt=\"Oberfl&#xE4;che\" class=\"wp-image-1162 gt-fse-widgets-ctv-open-product\" style=\"width:40px\"\/><\/figure>\n\n\n\n\n\n<p class=\"has-contrast-3-color has-text-color has-link-color wp-elements-aad87d36f254818e8b3ec55c52a2bf01 gt-fse-widgets-ctv-open-product\"><strong class=\"gt-fse-widgets-ctv-open-product\">m\u00b2<\/strong><\/p>\n<\/div>\n<\/div>\n\n\n<\/div>\n\n\n\n<div class=\"wp-block-group gt-hebergement-foot is-layout-flow wp-container-core-group-is-layout-5dd0f1ee wp-block-group-is-layout-flow gt-fse-widgets-ctv-open-product\" style=\"padding-right:var(--wp--preset--spacing--10);padding-left:var(--wp--preset--spacing--10)\">\n<hr class=\"wp-block-separator has-text-color has-alpha-channel-opacity has-background is-style-wide gt-fse-widgets-ctv-open-product\" style=\"background-color:#0000000d;color:#0000000d\"\/>\n\n\n\n<p class=\"has-text-align-center has-accent-2-color has-text-color has-link-color wp-elements-2adb62747ffc071bafa085aeb9dfbd52 gt-fse-widgets-ctv-open-product\" style=\"padding-top:var(--wp--preset--spacing--10);padding-right:var(--wp--preset--spacing--10);padding-bottom:var(--wp--preset--spacing--10);padding-left:var(--wp--preset--spacing--10);font-size:clamp(0.875rem, 0.875rem + ((1vw - 0.2rem) * 0.208), 1rem);font-style:normal;font-weight:600;text-transform:uppercase\">Entdecken Sie<\/p>\n<\/div>\n\n\n<a class=\"is-style-lien-cover wp-block-read-more gt-fse-widgets-ctv-open-product\" href=\"https:\/\/www.camping-la-prairie.fr\/de\/hebergement\/emplacement-tente-camping-car-ou-caravane\/\" target=\"_self\">Weiterlesen<span class=\"screen-reader-text gt-fse-widgets-ctv-open-product\">: Stellplatz f\u00fcr Zelt, Wohnmobil oder Wohnwagen<\/span><\/a><\/div>\n\n<\/li><\/ul><\/div>\n<\/div>\n\n\n\n<div class=\"wp-block-column is-vertically-aligned-center second is-layout-flow wp-block-column-is-layout-flow\" style=\"flex-basis:60%\"><h1 class=\"wp-block-heading has-accent-color has-text-color has-link-color wp-elements-92c6849779df2b44b0cd39d473d7a7c4\" id=\"natur-und-komfortstellplaetze-zur-vermietung-in-le-muy\"><strong>Natur-<\/strong> und <strong>Komfortstellpl\u00e4tze<\/strong> zur Vermietung in Le Muy<\/h1>\n\n\n<div style=\"height:2rem\" aria-hidden=\"true\" class=\"wp-block-spacer gt-hide-mobile\"><\/div>\n\n\n\n<p>Envie de profiter d\u2019un s\u00e9jour en camping dans un <strong>cadre \u00e0 la fois naturel et agr\u00e9able<\/strong> et \u00e0 <strong>deux pas de la tr\u00e9pidante C\u00f4te d&#8217;Azur\u202f<\/strong>? La location d\u2019emplacement au Muy, pourrait \u00eatre exactement ce que vous recherchez. Situ\u00e9 \u00e0 quelques kilom\u00e8tres des plages et offrant toute une gamme d\u2019<strong>\u00e9quipements<\/strong> et l\u2019acc\u00e8s \u00e0 l\u2019<a href=\"https:\/\/www.camping-la-prairie.fr\/de\/camping-familial-le-muy\/\" data-type=\"page\" data-id=\"6\">ensemble des services<\/a>, ainsi qu\u2019au <a href=\"https:\/\/www.camping-la-prairie.fr\/de\/camping-parc-aquatique-chauffe-le-muy\/\" data-type=\"page\" data-id=\"8\">parc aquatique\u00a0 du camping<\/a>, cet emplacement est parfait pour les amateurs de <strong>s\u00e9jour en plein air <\/strong>recherchant une <a href=\"https:\/\/www.camping-la-prairie.fr\/de\/camping-pas-cher-le-muy\/\" data-type=\"page\" data-id=\"11\">exp\u00e9rience unique \u00e0 petit prix dans le Var<\/a>.<\/p>\n<\/div>\n<\/div>\n<\/section>\n\n<section class=\"wp-block-group page-second is-layout-flow wp-block-group-is-layout-flow\" style=\"padding-top:7rem;padding-bottom:4rem\">\n<div class=\"wp-block-columns are-vertically-aligned-center is-layout-flex wp-container-core-columns-is-layout-39c19385 wp-block-columns-is-layout-flex\" style=\"padding-right:7rem;padding-left:7rem\">\n<div class=\"wp-block-column is-vertically-aligned-center first is-layout-flow wp-block-column-is-layout-flow\"><h2 class=\"wp-block-heading\" id=\"unsere-zelt-und-caravaningplaetze-zur-miete-in-var\"><strong>Unsere Zelt-<\/strong> und <strong>Caravaningpl\u00e4tze<\/strong> zur Miete in Var<\/h2>\n\n\n<div style=\"height:2rem\" aria-hidden=\"true\" class=\"wp-block-spacer gt-hide-mobile\"><\/div>\n\n\n\n<p>Au <a href=\"https:\/\/www.camping-la-prairie.fr\/de\/\" data-type=\"page\" data-id=\"5\">camping La Prairie, au Muy<\/a>, vous attendent <strong>plusieurs emplacements spacieux<\/strong> o\u00f9 vous pourrez s\u00e9journer avec votre <strong>caravane<\/strong>, votre <strong>camping-car<\/strong> ou votre <strong>tente<\/strong>. Ces emplacements sont bien <strong>plats <\/strong>et <strong>faciles d&#8217;acc\u00e8s<\/strong>. Ils offrent ainsi un maximum de <strong>confort<\/strong> et de <strong>praticit\u00e9<\/strong>.\u00a0<\/p>\n\n\n\n<p>Mit einer Fl\u00e4che von <strong>80 m\u00b2 bis 100 m\u00b2<\/strong> kann jeder Stellplatz <strong>zwischen 1 und 6 Personen<\/strong> beherbergen. Jeder <strong>sonnige<\/strong> Platz ist <strong>durch Hecken<\/strong> gut <strong>abgegrenzt<\/strong>, um Ihre <strong>Privatsph\u00e4re <\/strong>zu gew\u00e4hrleisten und gleichzeitig die Verbindung zur nat\u00fcrlichen Umgebung zu erhalten. Das flache Gel\u00e4nde macht die Einrichtung f\u00fcr <strong>alle Arten von Campern<\/strong>, ob erfahren oder Anf\u00e4nger, einfach und schnell.  <\/p>\n\n\n    <div id=\"gt-fse-lire-plus-69e5c83260209\" class=\"gt-fse-lire-plus\" data-min-height=\"130\" style=\"background-color: #fff;\">\n        <input id=\"gt-fse-lire-plus-69e5c83260209-toggle\" type=\"checkbox\" class=\"gt-fse-lire-plus__toggle\" \/>\n        <label for=\"gt-fse-lire-plus-69e5c83260209-toggle\" class=\"gt-fse-lire-plus__toggle-label\">\n            <span>Lire plus<\/span>\n            <span>Lire moins<\/span>\n        <\/label>\n        <div class=\"gt-fse-lire-plus__content\" style=\"height: 130px;\">\n            \n\n<p>Jeder Stellplatz ist mit <strong>Strom<\/strong> ausgestattet. So k\u00f6nnen Sie <strong>ganz einfach verschiedene Ger\u00e4te anschlie\u00dfen<\/strong>, um ein Telefon aufzuladen, einen kleinen K\u00fchlschrank zu benutzen oder Ihren pers\u00f6nlichen Bereich in den dunklen Stunden zu beleuchten. Bei Bedarf bietet der Campingplatz auch <strong>Stromadapter<\/strong> an, um Ihr Campingerlebnis zu vereinfachen.  <\/p>\n\n            <div class=\"gt-fse-lire-plus__gradient\" style=\"background: linear-gradient(to bottom,rgba(255,255,255,0) 0%,rgba(255,255,255,1) 100%);\"><\/div>\n        <\/div>\n    <\/div>\n    <\/div>\n\n\n\n<div class=\"wp-block-column is-vertically-aligned-center second is-layout-flow wp-block-column-is-layout-flow\">\n<figure class=\"wp-block-image size-full\"><img decoding=\"async\" width=\"748\" height=\"647\" src=\"https:\/\/www.camping-la-prairie.fr\/wp-content\/uploads\/2025\/03\/emplacement-tente-var.jpg\" alt=\"Zeltplatz var\" class=\"wp-image-2171\" srcset=\"https:\/\/www.camping-la-prairie.fr\/wp-content\/uploads\/2025\/03\/emplacement-tente-var.jpg 748w, https:\/\/www.camping-la-prairie.fr\/wp-content\/uploads\/2025\/03\/emplacement-tente-var-300x259.jpg 300w\" sizes=\"(max-width: 748px) 100vw, 748px\" \/><\/figure>\n<\/div>\n<\/div>\n<\/section>\n\n<section class=\"wp-block-group page-fifth is-layout-flow wp-block-group-is-layout-flow\" style=\"padding-top:4rem;padding-bottom:4rem\"><h2 class=\"wp-block-heading has-text-align-center\" id=\"die-ausstattung-die-sie-zusaetzlich-mieten-koennen\"><strong>Die Ausstattung<\/strong> <br>, die Sie zus\u00e4tzlich mieten k\u00f6nnen<\/h2>\n\n\n<div style=\"height:2rem\" aria-hidden=\"true\" class=\"wp-block-spacer gt-hide-mobile\"><\/div>\n\n\n\n<div class=\"wp-block-group has-global-padding is-layout-constrained wp-container-core-group-is-layout-4383d167 wp-block-group-is-layout-constrained\">\n<p class=\"has-text-align-center\">F\u00fcr diejenigen, die ihren Aufenthalt <strong>noch komfortabler<\/strong> gestalten m\u00f6chten, gibt es einige zus\u00e4tzliche Einrichtungen, die Sie mieten k\u00f6nnen. Sie k\u00f6nnen <strong>K\u00fchlschr\u00e4nke mieten<\/strong>, die ideal sind, um Ihre Getr\u00e4nke und Lebensmittel in gutem Zustand zu halten, besonders an den hei\u00dfen Sommertagen im Var&#8230;   <\/p>\n\n\n\n<p class=\"has-text-align-center\"><strong> Gartentische und -st\u00fchle <\/strong>k\u00f6nnen ebenfalls gemietet werden, so dass Sie sich <strong>einen<\/strong> bequemen <strong>Ess- oder Entspannungsbereich<\/strong> im Freien einrichten k\u00f6nnen. Ob Sie nun <strong>mit der Familie essen <\/strong>oder sich <strong>unter der s\u00fcdfranz\u00f6sischen Sonne entspannen<\/strong> m\u00f6chten, diese Einrichtung verleiht Ihrem Urlaub einen zus\u00e4tzlichen Komfort. <\/p>\n<\/div>\n\n\n\n<div class=\"wp-block-cover gt-cover-parallax-up\" style=\"min-height:70vh;aspect-ratio:unset;\"><span aria-hidden=\"true\" class=\"wp-block-cover__background has-background-dim-0 has-background-dim\"><\/span><img decoding=\"async\" width=\"2000\" height=\"648\" class=\"wp-block-cover__image-background wp-image-1852\" alt=\"vacances en camping car au muy\" src=\"https:\/\/www.camping-la-prairie.fr\/wp-content\/uploads\/2025\/03\/vacances-en-camping-car-au-muy.jpg\" data-object-fit=\"cover\" srcset=\"https:\/\/www.camping-la-prairie.fr\/wp-content\/uploads\/2025\/03\/vacances-en-camping-car-au-muy.jpg 2000w, https:\/\/www.camping-la-prairie.fr\/wp-content\/uploads\/2025\/03\/vacances-en-camping-car-au-muy-300x97.jpg 300w, https:\/\/www.camping-la-prairie.fr\/wp-content\/uploads\/2025\/03\/vacances-en-camping-car-au-muy-1024x332.jpg 1024w, https:\/\/www.camping-la-prairie.fr\/wp-content\/uploads\/2025\/03\/vacances-en-camping-car-au-muy-768x249.jpg 768w, https:\/\/www.camping-la-prairie.fr\/wp-content\/uploads\/2025\/03\/vacances-en-camping-car-au-muy-1536x498.jpg 1536w\" sizes=\"(max-width: 2000px) 100vw, 2000px\" \/><div class=\"wp-block-cover__inner-container is-layout-flow wp-block-cover-is-layout-flow\">\n<p class=\"has-text-align-center has-large-font-size\"><\/p>\n<\/div><\/div>\n<\/section>\n\n<section class=\"wp-block-group page-fourth traits-haut is-layout-flow wp-block-group-is-layout-flow\" style=\"padding-top:7rem;padding-bottom:4rem\">\n<div class=\"wp-block-columns are-vertically-aligned-center is-layout-flex wp-container-core-columns-is-layout-64c91fef wp-block-columns-is-layout-flex\" style=\"padding-right:4rem;padding-left:4rem\">\n<div class=\"wp-block-column is-vertically-aligned-center first is-layout-flow wp-block-column-is-layout-flow\">\n<figure class=\"wp-block-image size-full\"><img decoding=\"async\" width=\"1170\" height=\"780\" src=\"https:\/\/www.camping-la-prairie.fr\/wp-content\/uploads\/2025\/04\/sanitaires-camping.jpg\" alt=\"Sanit&#xE4;ranlagen auf dem Campingplatz\" class=\"wp-image-2285\" srcset=\"https:\/\/www.camping-la-prairie.fr\/wp-content\/uploads\/2025\/04\/sanitaires-camping.jpg 1170w, https:\/\/www.camping-la-prairie.fr\/wp-content\/uploads\/2025\/04\/sanitaires-camping-300x200.jpg 300w, https:\/\/www.camping-la-prairie.fr\/wp-content\/uploads\/2025\/04\/sanitaires-camping-1024x683.jpg 1024w, https:\/\/www.camping-la-prairie.fr\/wp-content\/uploads\/2025\/04\/sanitaires-camping-768x512.jpg 768w\" sizes=\"(max-width: 1170px) 100vw, 1170px\" \/><\/figure>\n<\/div>\n\n\n\n<div class=\"wp-block-column is-vertically-aligned-center second is-layout-flow wp-block-column-is-layout-flow\"><h2 class=\"wp-block-heading\" id=\"unsere-voll-ausgestatteten-sanitaeranlagen-mit-pmr-zugang\"><strong>Unsere<\/strong> voll ausgestatteten <strong>Sanit\u00e4ranlagen<\/strong> mit PMR-Zugang<\/h2>\n\n\n<p>Ein weiterer wichtiger Faktor f\u00fcr einen erfolgreichen Campingurlaub ist der Zugang zu <strong>sauberen und gut ausgestatteten Sanit\u00e4ranlagen<\/strong>. Unser Campingplatz in Le Muy verf\u00fcgt \u00fcber <strong>moderne Sanit\u00e4ranlagen<\/strong>, die den Bed\u00fcrfnissen aller Camper gerecht werden. <\/p>\n\n\n\n<p>Die Sanit\u00e4ranlagen umfassen <strong>ger\u00e4umige Duschkabinen<\/strong> mit Waschbecken und gut gepflegte Toiletten in ausreichender Anzahl, so dass es auch in Zeiten hoher Besucherzahlen nicht zu Warteschlangen kommt. Au\u00dferdem wurden spezielle Einrichtungen<strong>f\u00fcr Personen mit eingeschr\u00e4nkter Mobilit\u00e4t <\/strong>(PMR) installiert, so dass jeder seinen Urlaub ohne Einschr\u00e4nkungen genie\u00dfen kann. <\/p>\n\n\n    <div id=\"gt-fse-lire-plus-69e5c83260c17\" class=\"gt-fse-lire-plus\" data-min-height=\"130\" style=\"background-color: #fff;\">\n        <input id=\"gt-fse-lire-plus-69e5c83260c17-toggle\" type=\"checkbox\" class=\"gt-fse-lire-plus__toggle\" \/>\n        <label for=\"gt-fse-lire-plus-69e5c83260c17-toggle\" class=\"gt-fse-lire-plus__toggle-label\">\n            <span>Lire plus<\/span>\n            <span>Lire moins<\/span>\n        <\/label>\n        <div class=\"gt-fse-lire-plus__content\" style=\"height: 130px;\">\n            \n\n<p>Der Campingplatz La Prairie legt gro\u00dfen Wert auf den<strong> Komfort von Familien<\/strong>, die mit kleinen Kindern reisen. In der Sanit\u00e4ranlage gibt es einen <strong>speziellen Bereich f\u00fcr Babys<\/strong> mit einer Kindertoilette, einer <strong>Babybadewanne<\/strong> und einer Dusche f\u00fcr die Eltern.   <\/p>\n\n\n\n<p>Diese praktische Einrichtung erm\u00f6glicht es den Eltern, sich unter optimalen Bedingungen um ihre Kleinen zu k\u00fcmmern, w\u00e4hrend sie in der N\u00e4he ihres Stellplatzes bleiben. Schauen Sie sich unsere klimatisierten Mobilheime an, die Sie in Var mieten k\u00f6nnen (Mobilheime). Diese Art von Unterkunft ist perfekt f\u00fcr diejenigen, die in ihrem Urlaub etwas mehr <strong>Komfort <\/strong>und <strong>Luxus<\/strong> suchen.  <\/p>\n\n            <div class=\"gt-fse-lire-plus__gradient\" style=\"background: linear-gradient(to bottom,rgba(255,255,255,0) 0%,rgba(255,255,255,1) 100%);\"><\/div>\n        <\/div>\n    <\/div>\n    <\/div>\n<\/div>\n<\/section>\n\n<section class=\"wp-block-group page-maillage is-layout-flow wp-block-group-is-layout-flow\" style=\"padding-top:4rem;padding-right:4rem;padding-bottom:7rem;padding-left:4rem\">\n<p class=\"has-text-align-center has-accent-2-color has-text-color has-link-color wp-elements-5ef7d47601db12a61c6c6f14b962e6a7\" style=\"font-size:clamp(1.551rem, 1.551rem + ((1vw - 0.2rem) * 1.748), 2.6rem);line-height:1.4;text-transform:uppercase\"><strong>Entdecken<\/strong> Sie <br\/>unsere Aktivit\u00e4ten, unsere Unterk\u00fcnfte und unseren Service.<\/p>\n\n\n\n<div style=\"height:2rem\" aria-hidden=\"true\" class=\"wp-block-spacer gt-hide-mobile\"><\/div>\n\n\n\n<div data-wp-context=\"{}\" data-wp-interactive=\"core\/query\" data-wp-key=\"0\" data-wp-router-region=\"query-0\" class=\"wp-block-query alignwide gt-fse-maillage-query is-layout-flow wp-block-query-is-layout-flow\"><ul class=\"columns-3 gt-fse-cta wp-block-post-template is-layout-grid wp-container-core-post-template-is-layout-6d3fbd8f wp-block-post-template-is-layout-grid\"><li data-wp-key=\"post-template-item-2575\" class=\"wp-block-post post-2575 page type-page status-publish has-post-thumbnail hentry\">\n\n<div class=\"wp-block-group has-cta is-layout-flow wp-block-group-is-layout-flow\">\n<figure class=\"wp-block-image gt-fse-cta__image custom-srcset page\"><img decoding=\"async\" src=\"https:\/\/www.camping-la-prairie.fr\/wp-content\/uploads\/2025\/11\/camping-la-prairie-184_resize-1024x683.jpg\" alt=\"Aktivit\u00e4ten \/ Unterhaltung\"\/><\/figure>\n\n\n\n<p class=\"gt-fse-cta__title has-accent-5-color has-text-color has-link-color wp-elements-9e46dfb13e9204ef3273f9df79e72862\" style=\"font-size:clamp(1.135rem, 1.135rem + ((1vw - 0.2rem) * 1.075), 1.78rem);font-style:normal;font-weight:700;text-transform:uppercase\">Aktivit\u00e4ten \/ Animationen<\/p>\n\n\n<a class=\"is-style-lien-cover wp-block-read-more\" href=\"https:\/\/www.camping-la-prairie.fr\/de\/camping-activites-animations-le-muy\/\" target=\"_self\">Weiterlesen<span class=\"screen-reader-text\">: Aktivit\u00e4ten \/ Unterhaltung<\/span><\/a><\/div>\n\n<\/li><li data-wp-key=\"post-template-item-2719\" class=\"wp-block-post post-2719 page type-page status-publish has-post-thumbnail hentry\">\n\n<div class=\"wp-block-group has-cta is-layout-flow wp-block-group-is-layout-flow\">\n<figure class=\"wp-block-image gt-fse-cta__image custom-srcset page\"><img decoding=\"async\" src=\"https:\/\/www.camping-la-prairie.fr\/wp-content\/uploads\/2025\/12\/location-la-prairie.webp\" alt=\"Mietwohnungen\"\/><\/figure>\n\n\n\n<p class=\"gt-fse-cta__title has-accent-5-color has-text-color has-link-color wp-elements-9e46dfb13e9204ef3273f9df79e72862\" style=\"font-size:clamp(1.135rem, 1.135rem + ((1vw - 0.2rem) * 1.075), 1.78rem);font-style:normal;font-weight:700;text-transform:uppercase\">Mietwohnungen<\/p>\n\n\n<a class=\"is-style-lien-cover wp-block-read-more\" href=\"https:\/\/www.camping-la-prairie.fr\/de\/location-mobil-home-le-muy\/\" target=\"_self\">Weiterlesen<span class=\"screen-reader-text\">: Unsere Unterk\u00fcnfte<\/span><\/a><\/div>\n\n<\/li><li data-wp-key=\"post-template-item-2616\" class=\"wp-block-post post-2616 page type-page status-publish has-post-thumbnail hentry\">\n\n<div class=\"wp-block-group has-cta is-layout-flow wp-block-group-is-layout-flow\">\n<figure class=\"wp-block-image gt-fse-cta__image custom-srcset page\"><img decoding=\"async\" src=\"http:\/\/www.camping-la-prairie.fr\/wp-content\/uploads\/2025\/02\/camping-tikayan-la-prairie-les-services.jpg\" alt=\"camping tikayan la prairie die dienstleistungen\"\/><\/figure>\n\n\n\n<p class=\"gt-fse-cta__title has-accent-5-color has-text-color has-link-color wp-elements-9e46dfb13e9204ef3273f9df79e72862\" style=\"font-size:clamp(1.135rem, 1.135rem + ((1vw - 0.2rem) * 1.075), 1.78rem);font-style:normal;font-weight:700;text-transform:uppercase\">Dienste<\/p>\n\n\n<a class=\"is-style-lien-cover wp-block-read-more\" href=\"https:\/\/www.camping-la-prairie.fr\/de\/camping-familial-le-muy\/\" target=\"_self\">Weiterlesen<span class=\"screen-reader-text\">: Unsere Dienstleistungen<\/span><\/a><\/div>\n\n<\/li><\/ul><\/div>\n<\/section>\n","protected":false},"excerpt":{"rendered":"<p>Natur- und Komfortstellpl\u00e4tze zur Vermietung in Le Muy Envie de profiter d\u2019un s\u00e9jour en camping dans un cadre \u00e0 la fois naturel et agr\u00e9able et \u00e0 deux pas de la tr\u00e9pidante C\u00f4te d&#8217;Azur\u202f? La location d\u2019emplacement au Muy, pourrait \u00eatre exactement ce que vous recherchez. Situ\u00e9 \u00e0 quelques kilom\u00e8tres des plages et offrant toute une [&hellip;]<\/p>\n","protected":false},"author":1,"featured_media":2523,"parent":0,"menu_order":0,"comment_status":"closed","ping_status":"closed","template":"","meta":{"_seopress_robots_primary_cat":"","_seopress_titles_title":"Vermietung von Caravaning-Stellpl\u00e4tzen in Le Muy, Var","_seopress_titles_desc":"Mieten Sie einen Stellplatz mit Natur und Komfort im Departement Var! Ger\u00e4umige, ebene Stellpl\u00e4tze mit Strom f\u00fcr Zelte, Wohnwagen und Wohnmobile in Le Muy. ","_seopress_robots_index":"","_gt_ctv_global_id":"","_gt_ctv_id_group":false,"inline_featured_image":false,"gt_fse_maillage_image":"https:\/\/www.camping-la-prairie.fr\/wp-content\/uploads\/2025\/03\/emplacement-de-tente-pas-cher-au-muy.jpg","gt_fse_maillage_titre":"Standorte","gt_fse_maillage_alt":"G\u00fcnstiger Zeltplatz in Le Muy","gt_fse_maillage_resume":"","footnotes":""},"categories":[],"tags":[],"class_list":["post-2519","page","type-page","status-publish","has-post-thumbnail","hentry"],"_links":{"self":[{"href":"https:\/\/www.camping-la-prairie.fr\/de\/wp-json\/wp\/v2\/pages\/2519","targetHints":{"allow":["GET"]}}],"collection":[{"href":"https:\/\/www.camping-la-prairie.fr\/de\/wp-json\/wp\/v2\/pages"}],"about":[{"href":"https:\/\/www.camping-la-prairie.fr\/de\/wp-json\/wp\/v2\/types\/page"}],"author":[{"embeddable":true,"href":"https:\/\/www.camping-la-prairie.fr\/de\/wp-json\/wp\/v2\/users\/1"}],"replies":[{"embeddable":true,"href":"https:\/\/www.camping-la-prairie.fr\/de\/wp-json\/wp\/v2\/comments?post=2519"}],"version-history":[{"count":3,"href":"https:\/\/www.camping-la-prairie.fr\/de\/wp-json\/wp\/v2\/pages\/2519\/revisions"}],"predecessor-version":[{"id":2811,"href":"https:\/\/www.camping-la-prairie.fr\/de\/wp-json\/wp\/v2\/pages\/2519\/revisions\/2811"}],"wp:featuredmedia":[{"embeddable":true,"href":"https:\/\/www.camping-la-prairie.fr\/de\/wp-json\/wp\/v2\/media\/2523"}],"wp:attachment":[{"href":"https:\/\/www.camping-la-prairie.fr\/de\/wp-json\/wp\/v2\/media?parent=2519"}],"wp:term":[{"taxonomy":"category","embeddable":true,"href":"https:\/\/www.camping-la-prairie.fr\/de\/wp-json\/wp\/v2\/categories?post=2519"},{"taxonomy":"post_tag","embeddable":true,"href":"https:\/\/www.camping-la-prairie.fr\/de\/wp-json\/wp\/v2\/tags?post=2519"}],"curies":[{"name":"wp","href":"https:\/\/api.w.org\/{rel}","templated":true}]}}